{"id":10105,"date":"2026-03-03T10:03:21","date_gmt":"2026-03-03T09:03:21","guid":{"rendered":"https:\/\/www.360asklogix.com\/client\/case-study-trace-tv\/"},"modified":"2026-03-03T10:08:51","modified_gmt":"2026-03-03T09:08:51","slug":"case-study-trace-tv","status":"publish","type":"page","link":"https:\/\/www.360asklogix.com\/fr\/client\/case-study-trace-tv\/","title":{"rendered":"Case Study : Trace TV"},"content":{"rendered":"<div id=\"dslc-theme-content\"><div id=\"dslc-theme-content-inner\"><div style=\"font-size:2.0rem; margin-bottom:30px;\">Harmoniser les op\u00e9rations m\u00e9dias mondiales avec une strat\u00e9gie Salesforce multi-cloud.<\/div>\n<div class=\"heading-bg\"><span style=\"font-size: large;\"><b class=\"heading\">1. R\u00e9sum\u00e9 Ex\u00e9cutif<\/b><\/span><\/div>\n<p><span style=\"font-size: large;\">Trace TV, leader mondial de la musique et du divertissement afro-urbain, connectant plus de <b>350 millions de personnes<\/b> dans 180 pays, faisait face \u00e0 la complexit\u00e9 de g\u00e9rer un mod\u00e8le de revenus dual (Ventes Publicitaires B2B et Streaming\/Contenu B2C) au travers de syst\u00e8mes disparates.<\/span><\/p>\n<p><span style=\"font-size: large;\"><b>360Asklogix<\/b> a \u00e9t\u00e9 mandat\u00e9 pour d\u00e9manteler ces silos de donn\u00e9es. En architecturant une <b>solution Salesforce Multi-Cloud (Sales, Service et Marketing Clouds)<\/b>, nous avons fourni \u00e0 Trace TV une vue \u00ab 360 degr\u00e9s \u00bb unifi\u00e9e de leur \u00e9cosyst\u00e8me \u2014 comblant le foss\u00e9 entre les relations avec les annonceurs et l&rsquo;engagement du public. Le r\u00e9sultat : une op\u00e9ration rationalis\u00e9e, capable de s&rsquo;adapter \u00e0 leur empreinte num\u00e9rique en pleine croissance.<\/span><\/p>\n<div class=\"heading-bg\"><span style=\"font-size: large;\"><b class=\"heading\">2. Le D\u00e9fi : Des Donn\u00e9es Fragment\u00e9es dans un March\u00e9 en Pleine \u00c9volution<\/b><\/span><\/div>\n<p><span style=\"font-size: large;\">Avant de s&rsquo;associer \u00e0 360Asklogix, Trace TV souffrait d&rsquo;op\u00e9rations fragment\u00e9es, typiques des r\u00e9seaux m\u00e9dias mondiaux en expansion :<\/span><\/p>\n<ul>\n<li><span style=\"font-size: large;\"><b>Op\u00e9rations en silos :<\/b> L&rsquo;\u00e9quipe Ventes Publicitaires suivait les accords d&rsquo;agences dans des tableurs, tandis que l&rsquo;\u00e9quipe Digitale g\u00e9rait les donn\u00e9es abonn\u00e9s dans un syst\u00e8me legacy s\u00e9par\u00e9. Aucune visibilit\u00e9 mutuelle sur qui regardait et qui achetait de l&rsquo;espace publicitaire.<\/span><\/li>\n<li><span style=\"font-size: large;\"><b>Cycle de vente publicitaire inefficace :<\/b> Le traitement manuel des ordres d&rsquo;insertion (IO) et le suivi de la disponibilit\u00e9 des inventaires dans diff\u00e9rentes r\u00e9gions (Trace Africa, Trace Urban, Trace Toca, etc.) entra\u00eenaient des d\u00e9lais importants et des opportunit\u00e9s de revenus manqu\u00e9es.<\/span><\/li>\n<li><span style=\"font-size: large;\"><b>Engagement audience g\u00e9n\u00e9rique :<\/b> Les campagnes marketing \u00e9taient des envois en masse, sans la personnalisation n\u00e9cessaire pour fid\u00e9liser les abonn\u00e9s sur leurs plateformes digitales.<\/span><\/li>\n<li><span style=\"font-size: large;\"><b>Manque de visibilit\u00e9 globale :<\/b> La direction peinait \u00e0 obtenir des rapports consolid\u00e9s en temps r\u00e9el depuis ses multiples bureaux r\u00e9gionaux (Paris, Johannesburg, Lagos, etc.).<\/span><\/li>\n<\/ul>\n<p><span style=\"font-size: large;\"><b>L&rsquo;Objectif :<\/b> Une source unique de v\u00e9rit\u00e9 pour g\u00e9rer simultan\u00e9ment les revenus publicitaires B2B et les parcours d&rsquo;audience B2C.<\/span><\/p>\n<div class=\"heading-bg\"><span style=\"font-size: large;\"><b class=\"heading\">3. La Solution 360Asklogix<\/b><\/span><\/div>\n<p><span style=\"font-size: large;\">360Asklogix a d\u00e9ploy\u00e9 une <b>Strat\u00e9gie Multi-Cloud<\/b> pour r\u00e9pondre aux besoins sp\u00e9cifiques des diff\u00e9rentes unit\u00e9s commerciales de Trace TV, tout en centralisant les donn\u00e9es.<\/span><\/p>\n<p><span style=\"font-size: large;\"><b class=\"heading\">Phase 1 : Sales Cloud pour les Ventes M\u00e9dias (B2B)<\/b><\/span><\/p>\n<p><span style=\"font-size: large;\">Nous avons configur\u00e9 Sales Cloud comme moteur de g\u00e9n\u00e9ration de revenus pour Trace TV.<\/span><\/p>\n<ul>\n<li><span style=\"font-size: large;\"><b>Pipeline sp\u00e9cifique aux m\u00e9dias :<\/b> Des \u00e9tapes de pipeline personnalis\u00e9es ont \u00e9t\u00e9 cr\u00e9\u00e9es pour refl\u00e9ter le cycle de vente m\u00e9dias (ex. : <i>Brief re\u00e7u, V\u00e9rification inventaire, Proposition envoy\u00e9e, IO sign\u00e9<\/i>).<\/span><\/li>\n<li><span style=\"font-size: large;\"><b>Hi\u00e9rarchie des comptes :<\/b> Nous avons cartographi\u00e9 les relations complexes agence-marque, permettant aux commerciaux de voir quelles agences achetaient pour quelles marques dans quelles r\u00e9gions.<\/span><\/li>\n<li><span style=\"font-size: large;\"><b>Approbations automatis\u00e9es :<\/b> Mise en place d&rsquo;une logique de type CPQ pour les remises et les approbations d&rsquo;inventaire, r\u00e9duisant le d\u00e9lai de conclusion des accords.<\/span><\/li>\n<\/ul>\n<p><span style=\"font-size: large;\"><b class=\"heading\">Phase 2 : Marketing Cloud pour l&rsquo;Engagement Audience (B2C)<\/b><\/span><\/p>\n<p><span style=\"font-size: large;\">Pour soutenir la croissance digitale de Trace, nous avons impl\u00e9ment\u00e9 Marketing Cloud Account Engagement.<\/span><\/p>\n<ul>\n<li><span style=\"font-size: large;\"><b>Parcours personnalis\u00e9s :<\/b> Cr\u00e9ation de parcours automatis\u00e9s d&rsquo;e-mails et de notifications push bas\u00e9s sur le comportement des abonn\u00e9s (ex. : s\u00e9rie \u00ab Bienvenue \u00bb pour les nouveaux utilisateurs de l&rsquo;application, campagnes de r\u00e9engagement pour les utilisateurs dormants).<\/span><\/li>\n<li><span style=\"font-size: large;\"><b>Promotion d&rsquo;\u00e9v\u00e9nements :<\/b> Gestion rationalis\u00e9e des \u00e9v\u00e9nements live et des concours de Trace, avec capture des donn\u00e9es des participants directement dans Salesforce pour un reciblage futur.<\/span><\/li>\n<\/ul>\n<p><span style=\"font-size: large;\"><b class=\"heading\">Phase 3 : Service Cloud pour le Support Partenaires<\/b><\/span><\/p>\n<ul>\n<li><span style=\"font-size: large;\"><b>Gestion des cas :<\/b> Un syst\u00e8me de tickets unifi\u00e9 pour r\u00e9soudre les probl\u00e8mes des annonceurs (litiges de facturation\/cr\u00e9ation) et des partenaires strat\u00e9giques, garantissant le respect des SLA au niveau mondial.<\/span><\/li>\n<\/ul>\n<div class=\"heading-bg\"><span style=\"font-size: large;\"><b class=\"heading\">4. Impact Commercial &amp; R\u00e9sultats<\/b><\/span><\/div>\n<p><span style=\"font-size: large;\">Suite \u00e0 la mise en \u0153uvre par 360Asklogix, Trace TV a r\u00e9alis\u00e9 des am\u00e9liorations op\u00e9rationnelles significatives :<\/span><\/p>\n<style>\n  \/* Metric table (30% \/ 70%) *\/   \n  ol, ul {\n    padding-left: 0rem;\n  }  \n  .heading-bg{\n    background: #d8eefb;\n    border-left: 6px solid #0b77b6;\n    padding: 10px 14px;\n    font-weight: 800;\n    border-radius: 6px;\n    margin-bottom:30px;\n}\n  table.metric-table{\n    width: 100%;\n    border: 1px solid #000;\n    border-collapse: collapse;\n    table-layout: fixed;\n  }\n  table.metric-table td{ \n    border: 1px solid #000;\n    padding: 10px;\n    vertical-align: top;\n    font-size: large;\n    word-wrap: break-word;\n    overflow-wrap: anywhere;\n  }\n.container .content ul{\n    list-style-type: disc !important;\n    list-style-position: outside;\n  }\n  .container .content ul li{\n    display: list-item !important;\n  }\n<\/style>\n<table class=\"metric-table\" cellspacing=\"0\" cellpadding=\"0\" style=\"margin-bottom:50px;\">\n<colgroup>\n<col style=\"width:30%;\">\n<col style=\"width:70%;\">\n  <\/colgroup>\n<thead>\n<tr>\n<td><b>Indicateur<\/b><\/td>\n<td><b>R\u00e9sultat<\/b><\/td>\n<\/tr>\n<\/thead>\n<tbody>\n<tr>\n<td><b>Efficacit\u00e9 des Ventes Publicitaires<\/b><\/td>\n<td><b>R\u00e9duction de 30%<\/b> du d\u00e9lai de conclusion des accords m\u00e9dias gr\u00e2ce aux ordres d&rsquo;insertion et approbations automatis\u00e9s.<\/td>\n<\/tr>\n<tr>\n<td><b>Visibilit\u00e9 des Donn\u00e9es<\/b><\/td>\n<td><b>Visibilit\u00e9 en temps r\u00e9el \u00e0 100%<\/b> sur les pipelines mondiaux, permettant aux dirigeants de pr\u00e9voir avec pr\u00e9cision les revenus par r\u00e9gion.<\/td>\n<\/tr>\n<tr>\n<td><b>Engagement Campagnes<\/b><\/td>\n<td><b>Augmentation de 25%<\/b> du taux d&rsquo;ouverture des communications abonn\u00e9s gr\u00e2ce aux parcours cibl\u00e9s de Marketing Cloud.<\/td>\n<\/tr>\n<tr>\n<td><b>Collaboration des \u00c9quipes<\/b><\/td>\n<td>Suppression des tableurs pour le suivi du pipeline, garantissant que toutes les r\u00e9gions (Europe, Afrique, Cara\u00efbes) travaillent depuis une <b>Source Unique de V\u00e9rit\u00e9<\/b>.<\/td>\n<\/tr>\n<\/tbody>\n<\/table>\n<\/div><\/div>","protected":false},"excerpt":{"rendered":"<p>Harmoniser les op\u00e9rations m\u00e9dias mondiales avec une strat\u00e9gie Salesforce multi-cloud. 1. R\u00e9sum\u00e9 Ex\u00e9cutif Trace TV, leader mondial de la musique et du divertissement afro-urbain, connectant plus de 350 millions de personnes dans 180 pays, faisait face \u00e0 la complexit\u00e9 de g\u00e9rer un mod\u00e8le de revenus dual (Ventes Publicitaires B2B et Streaming\/Contenu B2C) au travers de [&hellip;]<\/p>\n","protected":false},"author":1,"featured_media":10064,"parent":10100,"menu_order":0,"comment_status":"closed","ping_status":"closed","template":"case-study.php","meta":{"footnotes":""},"class_list":["post-10105","page","type-page","status-publish","has-post-thumbnail","hentry"],"acf":[],"yoast_head":"<!-- This site is optimized with the Yoast SEO plugin v26.4 - https:\/\/yoast.com\/wordpress\/plugins\/seo\/ -->\n<title>Case Study : Trace TV - Asklogix<\/title>\n<meta name=\"robots\" content=\"index, follow, max-snippet:-1, max-image-preview:large, max-video-preview:-1\" \/>\n<link rel=\"canonical\" href=\"https:\/\/www.360asklogix.com\/fr\/client\/case-study-trace-tv\/\" \/>\n<meta property=\"og:locale\" content=\"fr_FR\" \/>\n<meta property=\"og:type\" content=\"article\" \/>\n<meta property=\"og:title\" content=\"Case Study : Trace TV - Asklogix\" \/>\n<meta property=\"og:description\" content=\"Harmoniser les op\u00e9rations m\u00e9dias mondiales avec une strat\u00e9gie Salesforce multi-cloud. 1. R\u00e9sum\u00e9 Ex\u00e9cutif Trace TV, leader mondial de la musique et du divertissement afro-urbain, connectant plus de 350 millions de personnes dans 180 pays, faisait face \u00e0 la complexit\u00e9 de g\u00e9rer un mod\u00e8le de revenus dual (Ventes Publicitaires B2B et Streaming\/Contenu B2C) au travers de [&hellip;]\" \/>\n<meta property=\"og:url\" content=\"https:\/\/www.360asklogix.com\/fr\/client\/case-study-trace-tv\/\" \/>\n<meta property=\"og:site_name\" content=\"Asklogix\" \/>\n<meta property=\"article:modified_time\" content=\"2026-03-03T09:08:51+00:00\" \/>\n<meta name=\"twitter:card\" content=\"summary_large_image\" \/>\n<meta name=\"twitter:label1\" content=\"Dur\u00e9e de lecture estim\u00e9e\" \/>\n\t<meta name=\"twitter:data1\" content=\"3 minutes\" \/>\n<script type=\"application\/ld+json\" class=\"yoast-schema-graph\">{\"@context\":\"https:\/\/schema.org\",\"@graph\":[{\"@type\":\"WebPage\",\"@id\":\"https:\/\/www.360asklogix.com\/fr\/client\/case-study-trace-tv\/\",\"url\":\"https:\/\/www.360asklogix.com\/fr\/client\/case-study-trace-tv\/\",\"name\":\"Case Study : Trace TV - Asklogix\",\"isPartOf\":{\"@id\":\"https:\/\/www.360asklogix.com\/#website\"},\"primaryImageOfPage\":{\"@id\":\"https:\/\/www.360asklogix.com\/fr\/client\/case-study-trace-tv\/#primaryimage\"},\"image\":{\"@id\":\"https:\/\/www.360asklogix.com\/fr\/client\/case-study-trace-tv\/#primaryimage\"},\"thumbnailUrl\":\"https:\/\/www.360asklogix.com\/wp-content\/uploads\/trace-pic.png\",\"datePublished\":\"2026-03-03T09:03:21+00:00\",\"dateModified\":\"2026-03-03T09:08:51+00:00\",\"breadcrumb\":{\"@id\":\"https:\/\/www.360asklogix.com\/fr\/client\/case-study-trace-tv\/#breadcrumb\"},\"inLanguage\":\"fr-FR\",\"potentialAction\":[{\"@type\":\"ReadAction\",\"target\":[\"https:\/\/www.360asklogix.com\/fr\/client\/case-study-trace-tv\/\"]}]},{\"@type\":\"ImageObject\",\"inLanguage\":\"fr-FR\",\"@id\":\"https:\/\/www.360asklogix.com\/fr\/client\/case-study-trace-tv\/#primaryimage\",\"url\":\"https:\/\/www.360asklogix.com\/wp-content\/uploads\/trace-pic.png\",\"contentUrl\":\"https:\/\/www.360asklogix.com\/wp-content\/uploads\/trace-pic.png\",\"width\":300,\"height\":90},{\"@type\":\"BreadcrumbList\",\"@id\":\"https:\/\/www.360asklogix.com\/fr\/client\/case-study-trace-tv\/#breadcrumb\",\"itemListElement\":[{\"@type\":\"ListItem\",\"position\":1,\"name\":\"Accueil\",\"item\":\"https:\/\/www.360asklogix.com\/\"},{\"@type\":\"ListItem\",\"position\":2,\"name\":\"Client\",\"item\":\"https:\/\/www.360asklogix.com\/fr\/client\/\"},{\"@type\":\"ListItem\",\"position\":3,\"name\":\"Case Study : Trace TV\"}]},{\"@type\":\"WebSite\",\"@id\":\"https:\/\/www.360asklogix.com\/#website\",\"url\":\"https:\/\/www.360asklogix.com\/\",\"name\":\"Asklogix\",\"description\":\"Digital solutions for financial services\",\"publisher\":{\"@id\":\"https:\/\/www.360asklogix.com\/#organization\"},\"potentialAction\":[{\"@type\":\"SearchAction\",\"target\":{\"@type\":\"EntryPoint\",\"urlTemplate\":\"https:\/\/www.360asklogix.com\/?s={search_term_string}\"},\"query-input\":{\"@type\":\"PropertyValueSpecification\",\"valueRequired\":true,\"valueName\":\"search_term_string\"}}],\"inLanguage\":\"fr-FR\"},{\"@type\":\"Organization\",\"@id\":\"https:\/\/www.360asklogix.com\/#organization\",\"name\":\"360Asklogix\",\"url\":\"https:\/\/www.360asklogix.com\/\",\"logo\":{\"@type\":\"ImageObject\",\"inLanguage\":\"fr-FR\",\"@id\":\"https:\/\/www.360asklogix.com\/#\/schema\/logo\/image\/\",\"url\":\"https:\/\/www.360asklogix.com\/wp-content\/uploads\/Logo-360-Asklogix.jpg\",\"contentUrl\":\"https:\/\/www.360asklogix.com\/wp-content\/uploads\/Logo-360-Asklogix.jpg\",\"width\":1920,\"height\":1080,\"caption\":\"360Asklogix\"},\"image\":{\"@id\":\"https:\/\/www.360asklogix.com\/#\/schema\/logo\/image\/\"},\"sameAs\":[\"https:\/\/www.linkedin.com\/company\/7802552\/admin\/\",\"https:\/\/www.youtube.com\/channel\/UCqGnm8NIIcau6NKRzlYz43Q\"]}]}<\/script>\n<!-- \/ Yoast SEO plugin. -->","yoast_head_json":{"title":"Case Study : Trace TV - Asklogix","robots":{"index":"index","follow":"follow","max-snippet":"max-snippet:-1","max-image-preview":"max-image-preview:large","max-video-preview":"max-video-preview:-1"},"canonical":"https:\/\/www.360asklogix.com\/fr\/client\/case-study-trace-tv\/","og_locale":"fr_FR","og_type":"article","og_title":"Case Study : Trace TV - Asklogix","og_description":"Harmoniser les op\u00e9rations m\u00e9dias mondiales avec une strat\u00e9gie Salesforce multi-cloud. 1. R\u00e9sum\u00e9 Ex\u00e9cutif Trace TV, leader mondial de la musique et du divertissement afro-urbain, connectant plus de 350 millions de personnes dans 180 pays, faisait face \u00e0 la complexit\u00e9 de g\u00e9rer un mod\u00e8le de revenus dual (Ventes Publicitaires B2B et Streaming\/Contenu B2C) au travers de [&hellip;]","og_url":"https:\/\/www.360asklogix.com\/fr\/client\/case-study-trace-tv\/","og_site_name":"Asklogix","article_modified_time":"2026-03-03T09:08:51+00:00","twitter_card":"summary_large_image","twitter_misc":{"Dur\u00e9e de lecture estim\u00e9e":"3 minutes"},"schema":{"@context":"https:\/\/schema.org","@graph":[{"@type":"WebPage","@id":"https:\/\/www.360asklogix.com\/fr\/client\/case-study-trace-tv\/","url":"https:\/\/www.360asklogix.com\/fr\/client\/case-study-trace-tv\/","name":"Case Study : Trace TV - Asklogix","isPartOf":{"@id":"https:\/\/www.360asklogix.com\/#website"},"primaryImageOfPage":{"@id":"https:\/\/www.360asklogix.com\/fr\/client\/case-study-trace-tv\/#primaryimage"},"image":{"@id":"https:\/\/www.360asklogix.com\/fr\/client\/case-study-trace-tv\/#primaryimage"},"thumbnailUrl":"https:\/\/www.360asklogix.com\/wp-content\/uploads\/trace-pic.png","datePublished":"2026-03-03T09:03:21+00:00","dateModified":"2026-03-03T09:08:51+00:00","breadcrumb":{"@id":"https:\/\/www.360asklogix.com\/fr\/client\/case-study-trace-tv\/#breadcrumb"},"inLanguage":"fr-FR","potentialAction":[{"@type":"ReadAction","target":["https:\/\/www.360asklogix.com\/fr\/client\/case-study-trace-tv\/"]}]},{"@type":"ImageObject","inLanguage":"fr-FR","@id":"https:\/\/www.360asklogix.com\/fr\/client\/case-study-trace-tv\/#primaryimage","url":"https:\/\/www.360asklogix.com\/wp-content\/uploads\/trace-pic.png","contentUrl":"https:\/\/www.360asklogix.com\/wp-content\/uploads\/trace-pic.png","width":300,"height":90},{"@type":"BreadcrumbList","@id":"https:\/\/www.360asklogix.com\/fr\/client\/case-study-trace-tv\/#breadcrumb","itemListElement":[{"@type":"ListItem","position":1,"name":"Accueil","item":"https:\/\/www.360asklogix.com\/"},{"@type":"ListItem","position":2,"name":"Client","item":"https:\/\/www.360asklogix.com\/fr\/client\/"},{"@type":"ListItem","position":3,"name":"Case Study : Trace TV"}]},{"@type":"WebSite","@id":"https:\/\/www.360asklogix.com\/#website","url":"https:\/\/www.360asklogix.com\/","name":"Asklogix","description":"Digital solutions for financial services","publisher":{"@id":"https:\/\/www.360asklogix.com\/#organization"},"potentialAction":[{"@type":"SearchAction","target":{"@type":"EntryPoint","urlTemplate":"https:\/\/www.360asklogix.com\/?s={search_term_string}"},"query-input":{"@type":"PropertyValueSpecification","valueRequired":true,"valueName":"search_term_string"}}],"inLanguage":"fr-FR"},{"@type":"Organization","@id":"https:\/\/www.360asklogix.com\/#organization","name":"360Asklogix","url":"https:\/\/www.360asklogix.com\/","logo":{"@type":"ImageObject","inLanguage":"fr-FR","@id":"https:\/\/www.360asklogix.com\/#\/schema\/logo\/image\/","url":"https:\/\/www.360asklogix.com\/wp-content\/uploads\/Logo-360-Asklogix.jpg","contentUrl":"https:\/\/www.360asklogix.com\/wp-content\/uploads\/Logo-360-Asklogix.jpg","width":1920,"height":1080,"caption":"360Asklogix"},"image":{"@id":"https:\/\/www.360asklogix.com\/#\/schema\/logo\/image\/"},"sameAs":["https:\/\/www.linkedin.com\/company\/7802552\/admin\/","https:\/\/www.youtube.com\/channel\/UCqGnm8NIIcau6NKRzlYz43Q"]}]}},"_links":{"self":[{"href":"https:\/\/www.360asklogix.com\/fr\/wp-json\/wp\/v2\/pages\/10105","targetHints":{"allow":["GET"]}}],"collection":[{"href":"https:\/\/www.360asklogix.com\/fr\/wp-json\/wp\/v2\/pages"}],"about":[{"href":"https:\/\/www.360asklogix.com\/fr\/wp-json\/wp\/v2\/types\/page"}],"author":[{"embeddable":true,"href":"https:\/\/www.360asklogix.com\/fr\/wp-json\/wp\/v2\/users\/1"}],"replies":[{"embeddable":true,"href":"https:\/\/www.360asklogix.com\/fr\/wp-json\/wp\/v2\/comments?post=10105"}],"version-history":[{"count":1,"href":"https:\/\/www.360asklogix.com\/fr\/wp-json\/wp\/v2\/pages\/10105\/revisions"}],"predecessor-version":[{"id":10106,"href":"https:\/\/www.360asklogix.com\/fr\/wp-json\/wp\/v2\/pages\/10105\/revisions\/10106"}],"up":[{"embeddable":true,"href":"https:\/\/www.360asklogix.com\/fr\/wp-json\/wp\/v2\/pages\/10100"}],"wp:featuredmedia":[{"embeddable":true,"href":"https:\/\/www.360asklogix.com\/fr\/wp-json\/wp\/v2\/media\/10064"}],"wp:attachment":[{"href":"https:\/\/www.360asklogix.com\/fr\/wp-json\/wp\/v2\/media?parent=10105"}],"curies":[{"name":"wp","href":"https:\/\/api.w.org\/{rel}","templated":true}]}}