{"id":1962,"date":"2019-05-24T18:08:53","date_gmt":"2019-05-24T16:08:53","guid":{"rendered":"https:\/\/www.asklogix.com\/?page_id=1962\/"},"modified":"2022-07-26T22:57:33","modified_gmt":"2022-07-26T20:57:33","slug":"videos","status":"publish","type":"page","link":"https:\/\/www.360asklogix.com\/fr\/videos\/","title":{"rendered":"Vid\u00e9os"},"content":{"rendered":"<div id=\"dslc-theme-content\"><div id=\"dslc-theme-content-inner\"><div id=\"dslc-main\">\n<div  class=\"dslc-modules-section \" style=\"\" data-section-id=\"aac7509bfd9\">\n<div class=\"dslc-modules-section-wrapper dslc-clearfix\">\n<div class=\"dslc-modules-area dslc-col dslc-4-col dslc-first-col dslc-valign- \" data-size=\"4\" data-valign=\"\">\n<div id=\"dslc-module-bd52a493892\" class=\"dslc-module-front dslc-module-DSLC_Separator dslc-in-viewport-check dslc-in-viewport-anim-none  dslc-col dslc-12-col dslc-last-col  dslc-module-handle-like-regular \" data-module-id=\"bd52a493892\" data-module=\"DSLC_Separator\" data-dslc-module-size=\"12\" data-dslc-anim=\"none\" data-dslc-anim-delay=\"\" data-dslc-anim-duration=\"650\"  data-dslc-anim-easing=\"ease\" data-dslc-preset=\"none\" >\n<div class=\"dslc-separator-wrapper\">\n<div class=\"dslc-separator dslc-separator-style-invisible\">\n\t\t\t\t\t\t\t\t\t<\/div>\n<div><\/div>\n<\/p><\/div>\n<p><!-- .dslc-separator-wrapper --><\/p><\/div>\n<p><!-- .dslc-module --><\/p>\n<div id=\"dslc-module-2573605d033\" class=\"dslc-module-front dslc-module-DSLC_Html dslc-in-viewport-check dslc-in-viewport-anim-none  dslc-col dslc-12-col dslc-last-col  dslc-module-handle-like-regular \" data-module-id=\"2573605d033\" data-module=\"DSLC_Html\" data-dslc-module-size=\"12\" data-dslc-anim=\"none\" data-dslc-anim-delay=\"\" data-dslc-anim-duration=\"650\"  data-dslc-anim-easing=\"ease\" data-dslc-preset=\"none\" >\n<div class=\"dslc-html-module-content\"><iframe loading=\"lazy\" width=\"560\" height=\"315\" src=\"https:\/\/www.youtube.com\/embed\/4aJ7h7WtlbY\" frameborder=\"0\" allow=\"accelerometer; autoplay; encrypted-media; gyroscope; picture-in-picture\" allowfullscreen style=\"width:100%;\"><\/iframe><\/div>\n<\/p><\/div>\n<p><!-- .dslc-module -->\n\t\t<\/div>\n<div class=\"dslc-modules-area dslc-col dslc-4-col  dslc-valign- \" data-size=\"4\" data-valign=\"\">\n<div id=\"dslc-module-817249126e8\" class=\"dslc-module-front dslc-module-DSLC_Separator dslc-in-viewport-check dslc-in-viewport-anim-none  dslc-col dslc-12-col dslc-last-col  dslc-module-handle-like-regular \" data-module-id=\"817249126e8\" data-module=\"DSLC_Separator\" data-dslc-module-size=\"12\" data-dslc-anim=\"none\" data-dslc-anim-delay=\"\" data-dslc-anim-duration=\"650\"  data-dslc-anim-easing=\"ease\" data-dslc-preset=\"none\" >\n<div class=\"dslc-separator-wrapper\">\n<div class=\"dslc-separator dslc-separator-style-invisible\">\n\t\t\t\t\t\t\t\t\t<\/div>\n<div><\/div>\n<\/p><\/div>\n<p><!-- .dslc-separator-wrapper --><\/p><\/div>\n<p><!-- .dslc-module --><\/p>\n<div id=\"dslc-module-663da10bea1\" class=\"dslc-module-front dslc-module-DSLC_Html dslc-in-viewport-check dslc-in-viewport-anim-none  dslc-col dslc-12-col dslc-last-col  dslc-module-handle-like-regular \" data-module-id=\"663da10bea1\" data-module=\"DSLC_Html\" data-dslc-module-size=\"12\" data-dslc-anim=\"none\" data-dslc-anim-delay=\"\" data-dslc-anim-duration=\"650\"  data-dslc-anim-easing=\"ease\" data-dslc-preset=\"none\" >\n<div class=\"dslc-html-module-content\"><iframe loading=\"lazy\" width=\"560\" height=\"315\"  frameborder=\"0\" allow=\"accelerometer; autoplay; encrypted-media; gyroscope; picture-in-picture\" allowfullscreen style=\"width:100%;\" data-src=\"https:\/\/www.youtube.com\/embed\/P8PLpFvwUQQ\" class=\"lazyload\" src=\"data:image\/gif;base64,R0lGODlhAQABAAAAACH5BAEKAAEALAAAAAABAAEAAAICTAEAOw==\"><noscript><iframe loading=\"lazy\" width=\"560\" height=\"315\"  frameborder=\"0\" allow=\"accelerometer; autoplay; encrypted-media; gyroscope; picture-in-picture\" allowfullscreen style=\"width:100%;\" data-src=\"https:\/\/www.youtube.com\/embed\/P8PLpFvwUQQ\" class=\"lazyload\" src=\"data:image\/gif;base64,R0lGODlhAQABAAAAACH5BAEKAAEALAAAAAABAAEAAAICTAEAOw==\"><noscript><iframe loading=\"lazy\" width=\"560\" height=\"315\" src=\"https:\/\/www.youtube.com\/embed\/P8PLpFvwUQQ\" frameborder=\"0\" allow=\"accelerometer; autoplay; encrypted-media; gyroscope; picture-in-picture\" allowfullscreen style=\"width:100%;\"><\/noscript><\/noscript><\/iframe><\/div>\n<\/p><\/div>\n<p><!-- .dslc-module -->\n\t\t<\/div>\n<div class=\"dslc-modules-area dslc-col dslc-4-col dslc-last-col dslc-valign- \" data-size=\"4\" data-valign=\"\">\n<div id=\"dslc-module-d888981d99e\" class=\"dslc-module-front dslc-module-DSLC_Separator dslc-in-viewport-check dslc-in-viewport-anim-none  dslc-col dslc-12-col dslc-last-col  dslc-module-handle-like-regular \" data-module-id=\"d888981d99e\" data-module=\"DSLC_Separator\" data-dslc-module-size=\"12\" data-dslc-anim=\"none\" data-dslc-anim-delay=\"\" data-dslc-anim-duration=\"650\"  data-dslc-anim-easing=\"ease\" data-dslc-preset=\"none\" >\n<div class=\"dslc-separator-wrapper\">\n<div class=\"dslc-separator dslc-separator-style-invisible\">\n\t\t\t\t\t\t\t\t\t<\/div>\n<div><\/div>\n<\/p><\/div>\n<p><!-- .dslc-separator-wrapper --><\/p><\/div>\n<p><!-- .dslc-module --><\/p>\n<div id=\"dslc-module-94746756950\" class=\"dslc-module-front dslc-module-DSLC_Html dslc-in-viewport-check dslc-in-viewport-anim-none  dslc-col dslc-12-col dslc-last-col  dslc-module-handle-like-regular \" data-module-id=\"94746756950\" data-module=\"DSLC_Html\" data-dslc-module-size=\"12\" data-dslc-anim=\"none\" data-dslc-anim-delay=\"\" data-dslc-anim-duration=\"650\"  data-dslc-anim-easing=\"ease\" data-dslc-preset=\"none\" >\n<div class=\"dslc-html-module-content\"><iframe loading=\"lazy\" width=\"560\" height=\"315\"  frameborder=\"0\" allow=\"accelerometer; autoplay; encrypted-media; gyroscope; picture-in-picture\" allowfullscreen style=\"width:100%;\" data-src=\"https:\/\/www.youtube.com\/embed\/Gzq5p6Wu_G0\" class=\"lazyload\" src=\"data:image\/gif;base64,R0lGODlhAQABAAAAACH5BAEKAAEALAAAAAABAAEAAAICTAEAOw==\"><noscript><iframe loading=\"lazy\" width=\"560\" height=\"315\"  frameborder=\"0\" allow=\"accelerometer; autoplay; encrypted-media; gyroscope; picture-in-picture\" allowfullscreen style=\"width:100%;\" data-src=\"https:\/\/www.youtube.com\/embed\/Gzq5p6Wu_G0\" class=\"lazyload\" src=\"data:image\/gif;base64,R0lGODlhAQABAAAAACH5BAEKAAEALAAAAAABAAEAAAICTAEAOw==\"><noscript><iframe loading=\"lazy\" width=\"560\" height=\"315\" src=\"https:\/\/www.youtube.com\/embed\/Gzq5p6Wu_G0\" frameborder=\"0\" allow=\"accelerometer; autoplay; encrypted-media; gyroscope; picture-in-picture\" allowfullscreen style=\"width:100%;\"><\/noscript><\/noscript><\/iframe><\/div>\n<\/p><\/div>\n<p><!-- .dslc-module -->\n\t\t<\/div>\n<\/div>\n<\/div>\n<\/div>\n<\/div><\/div>","protected":false},"excerpt":{"rendered":"","protected":false},"author":1,"featured_media":0,"parent":0,"menu_order":0,"comment_status":"closed","ping_status":"closed","template":"","meta":{"footnotes":""},"class_list":["post-1962","page","type-page","status-publish","hentry"],"acf":[],"yoast_head":"<!-- This site is optimized with the Yoast SEO plugin v26.4 - https:\/\/yoast.com\/wordpress\/plugins\/seo\/ -->\n<title>Vid\u00e9os | Asklogix<\/title>\n<meta name=\"description\" content=\"Regardez nos vid\u00e9os o\u00f9 on explique d&#039;une mani\u00e8re plus interactive et compl\u00e8te les diff\u00e9rents services que nous proposons chez Asklogix. Plus de d\u00e9tails ici\" \/>\n<meta name=\"robots\" content=\"index, follow, max-snippet:-1, max-image-preview:large, max-video-preview:-1\" \/>\n<link rel=\"canonical\" href=\"https:\/\/www.360asklogix.com\/video\/\" \/>\n<meta property=\"og:locale\" content=\"fr_FR\" \/>\n<meta property=\"og:type\" content=\"article\" \/>\n<meta property=\"og:title\" content=\"Vid\u00e9os | Asklogix\" \/>\n<meta property=\"og:description\" content=\"Regardez nos vid\u00e9os o\u00f9 on explique d&#039;une mani\u00e8re plus interactive et compl\u00e8te les diff\u00e9rents services que nous proposons chez Asklogix. Plus de d\u00e9tails ici\" \/>\n<meta property=\"og:url\" content=\"https:\/\/www.360asklogix.com\/video\/\" \/>\n<meta property=\"og:site_name\" content=\"Asklogix\" \/>\n<meta property=\"article:modified_time\" content=\"2022-07-26T20:57:33+00:00\" \/>\n<meta name=\"twitter:card\" content=\"summary_large_image\" \/>\n<script type=\"application\/ld+json\" class=\"yoast-schema-graph\">{\"@context\":\"https:\/\/schema.org\",\"@graph\":[{\"@type\":\"WebPage\",\"@id\":\"https:\/\/www.360asklogix.com\/video\/\",\"url\":\"https:\/\/www.360asklogix.com\/video\/\",\"name\":\"Vid\u00e9os | Asklogix\",\"isPartOf\":{\"@id\":\"https:\/\/www.360asklogix.com\/#website\"},\"datePublished\":\"2019-05-24T16:08:53+00:00\",\"dateModified\":\"2022-07-26T20:57:33+00:00\",\"description\":\"Regardez nos vid\u00e9os o\u00f9 on explique d'une mani\u00e8re plus interactive et compl\u00e8te les diff\u00e9rents services que nous proposons chez Asklogix. Plus de d\u00e9tails ici\",\"breadcrumb\":{\"@id\":\"https:\/\/www.360asklogix.com\/video\/#breadcrumb\"},\"inLanguage\":\"fr-FR\",\"potentialAction\":[{\"@type\":\"ReadAction\",\"target\":[\"https:\/\/www.360asklogix.com\/video\/\"]}]},{\"@type\":\"BreadcrumbList\",\"@id\":\"https:\/\/www.360asklogix.com\/video\/#breadcrumb\",\"itemListElement\":[{\"@type\":\"ListItem\",\"position\":1,\"name\":\"Accueil\",\"item\":\"https:\/\/www.360asklogix.com\/\"},{\"@type\":\"ListItem\",\"position\":2,\"name\":\"Vid\u00e9os\"}]},{\"@type\":\"WebSite\",\"@id\":\"https:\/\/www.360asklogix.com\/#website\",\"url\":\"https:\/\/www.360asklogix.com\/\",\"name\":\"Asklogix\",\"description\":\"Digital solutions for financial services\",\"publisher\":{\"@id\":\"https:\/\/www.360asklogix.com\/#organization\"},\"potentialAction\":[{\"@type\":\"SearchAction\",\"target\":{\"@type\":\"EntryPoint\",\"urlTemplate\":\"https:\/\/www.360asklogix.com\/?s={search_term_string}\"},\"query-input\":{\"@type\":\"PropertyValueSpecification\",\"valueRequired\":true,\"valueName\":\"search_term_string\"}}],\"inLanguage\":\"fr-FR\"},{\"@type\":\"Organization\",\"@id\":\"https:\/\/www.360asklogix.com\/#organization\",\"name\":\"360Asklogix\",\"url\":\"https:\/\/www.360asklogix.com\/\",\"logo\":{\"@type\":\"ImageObject\",\"inLanguage\":\"fr-FR\",\"@id\":\"https:\/\/www.360asklogix.com\/#\/schema\/logo\/image\/\",\"url\":\"https:\/\/www.360asklogix.com\/wp-content\/uploads\/Logo-360-Asklogix.jpg\",\"contentUrl\":\"https:\/\/www.360asklogix.com\/wp-content\/uploads\/Logo-360-Asklogix.jpg\",\"width\":1920,\"height\":1080,\"caption\":\"360Asklogix\"},\"image\":{\"@id\":\"https:\/\/www.360asklogix.com\/#\/schema\/logo\/image\/\"},\"sameAs\":[\"https:\/\/www.linkedin.com\/company\/7802552\/admin\/\",\"https:\/\/www.youtube.com\/channel\/UCqGnm8NIIcau6NKRzlYz43Q\"]}]}<\/script>\n<!-- \/ Yoast SEO plugin. -->","yoast_head_json":{"title":"Vid\u00e9os | Asklogix","description":"Regardez nos vid\u00e9os o\u00f9 on explique d'une mani\u00e8re plus interactive et compl\u00e8te les diff\u00e9rents services que nous proposons chez Asklogix. Plus de d\u00e9tails ici","robots":{"index":"index","follow":"follow","max-snippet":"max-snippet:-1","max-image-preview":"max-image-preview:large","max-video-preview":"max-video-preview:-1"},"canonical":"https:\/\/www.360asklogix.com\/video\/","og_locale":"fr_FR","og_type":"article","og_title":"Vid\u00e9os | Asklogix","og_description":"Regardez nos vid\u00e9os o\u00f9 on explique d'une mani\u00e8re plus interactive et compl\u00e8te les diff\u00e9rents services que nous proposons chez Asklogix. Plus de d\u00e9tails ici","og_url":"https:\/\/www.360asklogix.com\/video\/","og_site_name":"Asklogix","article_modified_time":"2022-07-26T20:57:33+00:00","twitter_card":"summary_large_image","schema":{"@context":"https:\/\/schema.org","@graph":[{"@type":"WebPage","@id":"https:\/\/www.360asklogix.com\/video\/","url":"https:\/\/www.360asklogix.com\/video\/","name":"Vid\u00e9os | Asklogix","isPartOf":{"@id":"https:\/\/www.360asklogix.com\/#website"},"datePublished":"2019-05-24T16:08:53+00:00","dateModified":"2022-07-26T20:57:33+00:00","description":"Regardez nos vid\u00e9os o\u00f9 on explique d'une mani\u00e8re plus interactive et compl\u00e8te les diff\u00e9rents services que nous proposons chez Asklogix. Plus de d\u00e9tails ici","breadcrumb":{"@id":"https:\/\/www.360asklogix.com\/video\/#breadcrumb"},"inLanguage":"fr-FR","potentialAction":[{"@type":"ReadAction","target":["https:\/\/www.360asklogix.com\/video\/"]}]},{"@type":"BreadcrumbList","@id":"https:\/\/www.360asklogix.com\/video\/#breadcrumb","itemListElement":[{"@type":"ListItem","position":1,"name":"Accueil","item":"https:\/\/www.360asklogix.com\/"},{"@type":"ListItem","position":2,"name":"Vid\u00e9os"}]},{"@type":"WebSite","@id":"https:\/\/www.360asklogix.com\/#website","url":"https:\/\/www.360asklogix.com\/","name":"Asklogix","description":"Digital solutions for financial services","publisher":{"@id":"https:\/\/www.360asklogix.com\/#organization"},"potentialAction":[{"@type":"SearchAction","target":{"@type":"EntryPoint","urlTemplate":"https:\/\/www.360asklogix.com\/?s={search_term_string}"},"query-input":{"@type":"PropertyValueSpecification","valueRequired":true,"valueName":"search_term_string"}}],"inLanguage":"fr-FR"},{"@type":"Organization","@id":"https:\/\/www.360asklogix.com\/#organization","name":"360Asklogix","url":"https:\/\/www.360asklogix.com\/","logo":{"@type":"ImageObject","inLanguage":"fr-FR","@id":"https:\/\/www.360asklogix.com\/#\/schema\/logo\/image\/","url":"https:\/\/www.360asklogix.com\/wp-content\/uploads\/Logo-360-Asklogix.jpg","contentUrl":"https:\/\/www.360asklogix.com\/wp-content\/uploads\/Logo-360-Asklogix.jpg","width":1920,"height":1080,"caption":"360Asklogix"},"image":{"@id":"https:\/\/www.360asklogix.com\/#\/schema\/logo\/image\/"},"sameAs":["https:\/\/www.linkedin.com\/company\/7802552\/admin\/","https:\/\/www.youtube.com\/channel\/UCqGnm8NIIcau6NKRzlYz43Q"]}]}},"_links":{"self":[{"href":"https:\/\/www.360asklogix.com\/fr\/wp-json\/wp\/v2\/pages\/1962","targetHints":{"allow":["GET"]}}],"collection":[{"href":"https:\/\/www.360asklogix.com\/fr\/wp-json\/wp\/v2\/pages"}],"about":[{"href":"https:\/\/www.360asklogix.com\/fr\/wp-json\/wp\/v2\/types\/page"}],"author":[{"embeddable":true,"href":"https:\/\/www.360asklogix.com\/fr\/wp-json\/wp\/v2\/users\/1"}],"replies":[{"embeddable":true,"href":"https:\/\/www.360asklogix.com\/fr\/wp-json\/wp\/v2\/comments?post=1962"}],"version-history":[{"count":1,"href":"https:\/\/www.360asklogix.com\/fr\/wp-json\/wp\/v2\/pages\/1962\/revisions"}],"predecessor-version":[{"id":1963,"href":"https:\/\/www.360asklogix.com\/fr\/wp-json\/wp\/v2\/pages\/1962\/revisions\/1963"}],"wp:attachment":[{"href":"https:\/\/www.360asklogix.com\/fr\/wp-json\/wp\/v2\/media?parent=1962"}],"curies":[{"name":"wp","href":"https:\/\/api.w.org\/{rel}","templated":true}]}}