{"id":2250,"date":"2019-12-30T16:55:54","date_gmt":"2019-12-30T15:55:54","guid":{"rendered":"https:\/\/www.asklogix.com\/?page_id=2250\/"},"modified":"2022-07-26T22:58:45","modified_gmt":"2022-07-26T20:58:45","slug":"faq","status":"publish","type":"page","link":"https:\/\/www.360asklogix.com\/fr\/faq\/","title":{"rendered":"FAQ"},"content":{"rendered":"<div id=\"dslc-theme-content\"><div id=\"dslc-theme-content-inner\"><div id=\"dslc-main\">\n<div  class=\"dslc-modules-section \" style=\"\" data-section-id=\"7a10a2ba5a4\">\n<div class=\"dslc-modules-section-wrapper dslc-clearfix\">\n<div class=\"dslc-modules-area dslc-col dslc-12-col dslc-last-col dslc-valign- \" data-size=\"12\" data-valign=\"\">\n<div id=\"dslc-module-397fdff1890\" class=\"dslc-module-front dslc-module-DSLC_Separator dslc-in-viewport-check dslc-in-viewport-anim-none  dslc-col dslc-12-col dslc-last-col  dslc-module-handle-like-regular \" data-module-id=\"397fdff1890\" data-module=\"DSLC_Separator\" data-dslc-module-size=\"12\" data-dslc-anim=\"none\" data-dslc-anim-delay=\"\" data-dslc-anim-duration=\"650\"  data-dslc-anim-easing=\"ease\" data-dslc-preset=\"none\" >\n<div class=\"dslc-separator-wrapper\">\n<div class=\"dslc-separator dslc-separator-style-invisible\">\n\t\t\t\t\t\t\t\t\t<\/div>\n<div><\/div>\n<\/p><\/div>\n<p><!-- .dslc-separator-wrapper --><\/p><\/div>\n<p><!-- .dslc-module --><\/p>\n<div id=\"dslc-module-63ef652fc60\" class=\"dslc-module-front dslc-module-DSLC_Accordion dslc-in-viewport-check dslc-in-viewport-anim-none  dslc-col dslc-12-col dslc-last-col  dslc-module-handle-like-accordion \" data-module-id=\"63ef652fc60\" data-module=\"DSLC_Accordion\" data-dslc-module-size=\"12\" data-dslc-anim=\"none\" data-dslc-anim-delay=\"\" data-dslc-anim-duration=\"650\"  data-dslc-anim-easing=\"ease\" data-dslc-preset=\"none\" >\n<div class=\"dslc-accordion\" data-open=\"1\">\n<div class=\"dslc-accordion-item\" id=\"accordion-0\">\n<div class=\"dslc-accordion-header dslc-accordion-hook\">\n\t\t\t\t\t\t\t\t\t<span class=\"dslc-accordion-title\" >Pourquoi choisir Salesforce ?       <\/span><\/p>\n<div class=\"dslca-accordion-action-hooks\">\n\t\t\t\t\t\t\t\t\t\t\t<span class=\"dslca-toggle-accordion-hook\"><span class=\"dslca-icon dslc-icon-minus\"><\/span><\/span>\n\t\t\t\t\t\t\t\t\t\t<\/div>\n<\/p><\/div>\n<div class=\"dslc-accordion-content\">\n<div class=\"dslca-editable-content\">\n<div class=\"col\">\n<div id=\"center_col\">\n<div id=\"res\" class=\"med\" role=\"main\">\n<div id=\"search\">\n<div data-ved=\"2ahUKEwiC84bL3t3mAhUEi1wKHXNmCMoQGnoECAwQJg\">\n<div id=\"rso\" data-async-context=\"query:translate\">\n<div class=\"bkWMgd\">\n<div class=\"g knavi obcontainer mod\" data-md=\"77\" data-hveid=\"CAkQAA\" data-ved=\"2ahUKEwiC84bL3t3mAhUEi1wKHXNmCMoQkCkwAHoECAkQAA\" data-ol-has-click-handler=\"\">\n<div id=\"tw-main\" data-hveid=\"CAkQAQ\" data-ol-has-click-handler=\"\">\n<div id=\"tw-container\" class=\"vk_c\" data-cp=\"1\" data-nnttsvi=\"1\" data-sm=\"1\" data-sugg-time=\"500\" data-sugg-url=\"https:\/\/clients1.google.com\/complete\/search\" data-uilc=\"en\">\n<div class=\"jhH5U r-irFHYh8INUaM\" data-rtid=\"irFHYh8INUaM\">\n<div id=\"tw-ob\" class=\"tw-src-ltr\">\n<div class=\"oSioSc\">\n<div id=\"tw-target\">\n<div id=\"kAz1tf\" class=\"g9WsWb\">\n<p id=\"tw-target-text-container\" class=\"tw-ta-container tw-nfl\"><span class=\"focus-visible\" lang=\"fr\" tabindex=\"0\" data-focus-visible-added=\"\">Salesforce est l&rsquo;un des fournisseurs de plateformes cloud les plus importants et les plus populaires au monde. Leur automatisation du marketing, la gestion de la relation client (CRM) et d&rsquo;autres logiciels leur donnent une tonne d&rsquo;avantages sur leurs concurrents que leurs clients adorent. Mais quels sont exactement ces avantages? Vous d\u00e9couvrirez ci-dessous les 3 facteurs les plus importants. <\/p>\n<p><strong>#1. Vue 360 Client <br \/><\/strong><\/span><span class=\"focus-visible\" lang=\"fr\" tabindex=\"0\" data-focus-visible-added=\"\">Un des principaux avantages de l&rsquo;utilisation de Salesforce r\u00e9side dans les informations qu&rsquo;il r\u00e9cup\u00e8re &#8211; \u00e0 la fois la qualit\u00e9 et la quantit\u00e9. Lorsque vous utilisez Salesforce, vous pouvez consulter chaque compte, contact, t\u00e2che, \u00e9v\u00e9nement et opportunit\u00e9 li\u00e9s \u00e0 un prospect, ce qui donne \u00e0 votre entreprise beaucoup d&rsquo;informations avant d&rsquo;approcher des clients potentiels.<\/span><\/p>\n<p id=\"tw-target-text\" class=\"tw-data-text tw-text-large tw-ta\" dir=\"ltr\" data-placeholder=\"Translation\"><span class=\"focus-visible\" lang=\"fr\" tabindex=\"0\" data-focus-visible-added=\"\"><strong># 2. Planification du compte<\/strong> <br \/>Avec toutes les informations client dont vous avez besoin \u00e0 port\u00e9e de main, vous &#8211; et tous les repr\u00e9sentants de votre entreprise &#8211; pouvez planifier des comptes de mani\u00e8re ind\u00e9pendante. Cela vous donne l&rsquo;approche pratique dont vous avez besoin pour vraiment \u00e9tablir une connexion avec les clients, et cela permet \u00e9galement \u00e0 vos repr\u00e9sentants de modifier leurs plans pour obtenir de meilleurs r\u00e9sultats. Il existe m\u00eame une option dans Salesforce pour cr\u00e9er des t\u00e2ches \u00e0 effectuer afin que vous et vos repr\u00e9sentants puissiez utiliser des listes pour rester organis\u00e9 tout au long de la journ\u00e9e. <\/p>\n<p><strong># 3. Am\u00e9lioration de votre productivit\u00e9<\/strong><br \/>Avec des informations clients compl\u00e8tes et une multitude de ressources de planification \u00e0 votre disposition, vous b\u00e9n\u00e9ficiez naturellement d&rsquo;une gestion du temps exceptionnelle. Vous disposez de toutes les informations dont vous avez besoin pour hi\u00e9rarchiser le travail de vos clients, ce qui signifie que vous pouvez \u00e9galement organiser les t\u00e2ches pour diff\u00e9rents comptes selon ces m\u00eames crit\u00e8res.<\/span><\/p>\n<\/div>\n<\/div>\n<\/div>\n<\/div>\n<\/div>\n<\/div>\n<\/div>\n<\/div>\n<\/div>\n<\/div>\n<\/div>\n<\/div>\n<\/div>\n<div>\n<p id=\"foot\" role=\"navigation\">\u00a0<\/p>\n<\/div>\n<\/div>\n<\/div><\/div>\n<\/p><\/div>\n<p><!-- .dslc-accordion-content --><\/p><\/div>\n<p><!-- .dslc-accordion-item --><\/p>\n<div class=\"dslc-accordion-item\" id=\"accordion-1\">\n<div class=\"dslc-accordion-header dslc-accordion-hook\">\n\t\t\t\t\t\t\t\t\t<span class=\"dslc-accordion-title\" >       Quel est le meilleur CRM pour les conseillers financiers ?      <\/span><\/p>\n<div class=\"dslca-accordion-action-hooks\">\n\t\t\t\t\t\t\t\t\t\t\t<span class=\"dslca-toggle-accordion-hook\"><span class=\"dslca-icon dslc-icon-minus\"><\/span><\/span>\n\t\t\t\t\t\t\t\t\t\t<\/div>\n<\/p><\/div>\n<div class=\"dslc-accordion-content\">\n<div class=\"dslca-editable-content\">\n\t\t\t\t\t\t\t\t\t\t Le logiciel de gestion de la relation client (CRM) des services financiers fournit aux utilisateurs une base centralis\u00e9e \u00e0 partir de laquelle mener toutes les activit\u00e9s centr\u00e9es sur le client. Les institutions de services financiers telles que les banques traditionnelles, les fonds sp\u00e9culatifs, les banques d&rsquo;investissement et les agences d&rsquo;assurance tirent parti du logiciel CRM des services financiers pour cr\u00e9er, construire, maintenir et renforcer les relations avec la client\u00e8le. Les clients sont la pierre angulaire de l&rsquo;industrie des services financiers, il est donc essentiel de garantir la solidit\u00e9 de ces relations pour le succ\u00e8s d&rsquo;une institution. <\/p>\n<p>Les professionnels des services financiers utilisent le logiciel CRM des services financiers pour coordonner la sensibilisation des clients, g\u00e9rer la documentation, effectuer une analyse de compte, planifier des r\u00e9unions, cr\u00e9er et maintenir des pipelines de vente, effectuer une v\u00e9rification de la connaissance de votre client (KYC), etc. Le logiciel CRM des services financiers s&rsquo;int\u00e8gre \u00e0 d&rsquo;autres logiciels de services financiers, notamment un logiciel de recherche financi\u00e8re et un logiciel de gestion de portefeuille d&rsquo;investissement. Les solutions de cette cat\u00e9gorie importent \u00e9galement des bases de donn\u00e9es de contacts et s&rsquo;int\u00e8grent \u00e0 un logiciel de comptabilit\u00e9. \t\t\t\t\t\t\t\t\t<\/p><\/div>\n<\/p><\/div>\n<p><!-- .dslc-accordion-content --><\/p><\/div>\n<p><!-- .dslc-accordion-item --><\/p>\n<div class=\"dslc-accordion-item\" id=\"accordion-2\">\n<div class=\"dslc-accordion-header dslc-accordion-hook\">\n\t\t\t\t\t\t\t\t\t<span class=\"dslc-accordion-title\" >      Que signifie CRM ?     <\/span><\/p>\n<div class=\"dslca-accordion-action-hooks\">\n\t\t\t\t\t\t\t\t\t\t\t<span class=\"dslca-toggle-accordion-hook\"><span class=\"dslca-icon dslc-icon-minus\"><\/span><\/span>\n\t\t\t\t\t\t\t\t\t\t<\/div>\n<\/p><\/div>\n<div class=\"dslc-accordion-content\">\n<div class=\"dslca-editable-content\">\n\t\t\t\t\t\t\t\t\t\t CRM signifie : Customer Relationship Management. C&rsquo;est une technologie utilis\u00e9e pour g\u00e9rer les interactions avec les clients et les clients potentiels. Un syst\u00e8me CRM aide les organisations \u00e0 \u00e9tablir des relations avec les clients et \u00e0 rationaliser les processus afin d&rsquo;augmenter les ventes, d&rsquo;am\u00e9liorer le service client et d&rsquo;augmenter la rentabilit\u00e9. \t\t\t\t\t\t\t\t\t<\/div>\n<\/p><\/div>\n<p><!-- .dslc-accordion-content --><\/p><\/div>\n<p><!-- .dslc-accordion-item --><\/p>\n<div class=\"dslc-accordion-item\" id=\"accordion-3\">\n<div class=\"dslc-accordion-header dslc-accordion-hook\">\n\t\t\t\t\t\t\t\t\t<span class=\"dslc-accordion-title\" >     Qu&rsquo;est-ce que Wealthbox ?    <\/span><\/p>\n<div class=\"dslca-accordion-action-hooks\">\n\t\t\t\t\t\t\t\t\t\t\t<span class=\"dslca-toggle-accordion-hook\"><span class=\"dslca-icon dslc-icon-minus\"><\/span><\/span>\n\t\t\t\t\t\t\t\t\t\t<\/div>\n<\/p><\/div>\n<div class=\"dslc-accordion-content\">\n<div class=\"dslca-editable-content\">\n\t\t\t\t\t\t\t\t\t\t Wealthbox est un CRM moderne pour les conseillers financiers qui offre une plateforme de gestion de patrimoine simple, sociale et collaborative. Wealthbox permet aux entreprises de rester en contact avec leurs clients, prospects et employ\u00e9s en toute simplicit\u00e9 \t\t\t\t\t\t\t\t\t<\/div>\n<\/p><\/div>\n<p><!-- .dslc-accordion-content --><\/p><\/div>\n<p><!-- .dslc-accordion-item --><\/p>\n<div class=\"dslc-accordion-item\" id=\"accordion-4\">\n<div class=\"dslc-accordion-header dslc-accordion-hook\">\n\t\t\t\t\t\t\t\t\t<span class=\"dslc-accordion-title\" >    Qu&rsquo;est-ce que l&rsquo;intelligence artificielle en finance ?   <\/span><\/p>\n<div class=\"dslca-accordion-action-hooks\">\n\t\t\t\t\t\t\t\t\t\t\t<span class=\"dslca-toggle-accordion-hook\"><span class=\"dslca-icon dslc-icon-minus\"><\/span><\/span>\n\t\t\t\t\t\t\t\t\t\t<\/div>\n<\/p><\/div>\n<div class=\"dslc-accordion-content\">\n<div class=\"dslca-editable-content\">\n\t\t\t\t\t\t\t\t\t\t L&rsquo;intelligence artificielle dans la finance transforme la fa\u00e7on dont nous interagissons avec l&rsquo;argent. L&rsquo;IA aide le secteur financier \u00e0 rationaliser et \u00e0 optimiser les processus allant des d\u00e9cisions de cr\u00e9dit \u00e0 la n\u00e9gociation quantitative et \u00e0 la gestion des risques financiers. \t\t\t\t\t\t\t\t\t<\/div>\n<\/p><\/div>\n<p><!-- .dslc-accordion-content --><\/p><\/div>\n<p><!-- .dslc-accordion-item --><\/p>\n<div class=\"dslc-accordion-item\" id=\"accordion-5\">\n<div class=\"dslc-accordion-header dslc-accordion-hook\">\n\t\t\t\t\t\t\t\t\t<span class=\"dslc-accordion-title\" >   Pourquoi le CRM est important pour le secteur Banque ?  <\/span><\/p>\n<div class=\"dslca-accordion-action-hooks\">\n\t\t\t\t\t\t\t\t\t\t\t<span class=\"dslca-toggle-accordion-hook\"><span class=\"dslca-icon dslc-icon-minus\"><\/span><\/span>\n\t\t\t\t\t\t\t\t\t\t<\/div>\n<\/p><\/div>\n<div class=\"dslc-accordion-content\">\n<div class=\"dslca-editable-content\">\n\t\t\t\t\t\t\t\t\t\t CRM assiste les banques dans la gestion des ventes avec son module de vente. Il vous aide \u00e0 identifier et \u00e0 convertir des prospects en clients potentiels. CRM aide \u00e0 l&rsquo;acquisition de nouveaux clients gr\u00e2ce \u00e0 l&rsquo;utilisation des ant\u00e9c\u00e9dents et de la valeur qu&rsquo;ils ont apport\u00e9s \u00e0 la banque. Le CRM rend les efforts du service marketing plus productifs. \t\t\t\t\t\t\t\t\t<\/div>\n<\/p><\/div>\n<p><!-- .dslc-accordion-content --><\/p><\/div>\n<p><!-- .dslc-accordion-item --><\/p>\n<div class=\"dslc-accordion-item\" id=\"accordion-6\">\n<div class=\"dslc-accordion-header dslc-accordion-hook\">\n\t\t\t\t\t\t\t\t\t<span class=\"dslc-accordion-title\" >  Comment une banque peut-elle augmenter sa client\u00e8le avec un CRM ?  <\/span><\/p>\n<div class=\"dslca-accordion-action-hooks\">\n\t\t\t\t\t\t\t\t\t\t\t<span class=\"dslca-toggle-accordion-hook\"><span class=\"dslca-icon dslc-icon-minus\"><\/span><\/span>\n\t\t\t\t\t\t\t\t\t\t<\/div>\n<\/p><\/div>\n<div class=\"dslc-accordion-content\">\n<div class=\"dslca-editable-content\">\n\t\t\t\t\t\t\t\t\t\t Fournir une excellente exp\u00e9rience client est important pour toute entreprise, mais c&rsquo;est crucial dans le secteur des services financiers. Aujourd&rsquo;hui, les clients ont acc\u00e8s \u00e0 des centaines d&rsquo;options pour d\u00e9cider qui prendra soin de leur argent, et les institutions rivalisent pour les clients en offrant des frais plus bas, des rendements plus \u00e9lev\u00e9s et de nouveaux services num\u00e9riques. \u00c0 mesure que les services bancaires se banalisent, comment les institutions financi\u00e8res se diff\u00e9rencient-elles pour conserver les clients existants tout en en attirant de nouveaux? La qualit\u00e9 de l&rsquo;exp\u00e9rience client est devenue l&rsquo;un des principaux moteurs de choix et de r\u00e9tention continue, et si les consommateurs ne sont pas satisfaits, ils changeront de fournisseur. <\/p>\n<p>Dans une r\u00e9cente enqu\u00eate Qualtrics aupr\u00e8s de plus de 550 clients bancaires, un mauvais service et de mauvais conseils financiers sont apparus comme les principales raisons pour lesquelles les gens quittent leurs banques et coop\u00e9ratives de cr\u00e9dit. Bien que la baisse des frais puisse aider \u00e0 court terme, rem\u00e9dier \u00e0 la mauvaise exp\u00e9rience client pourrait avoir beaucoup plus d&rsquo;impact \u00e0 long terme. 69% des clients interrog\u00e9s ont indiqu\u00e9 que les services m\u00e9diocres \u00e9taient la principale raison de leur d\u00e9part, 56% indiquant que la banque aurait pu changer d&rsquo;avis si une tentative avait \u00e9t\u00e9 faite pour sauver la relation. \t\t\t\t\t\t\t\t\t<\/p><\/div>\n<\/p><\/div>\n<p><!-- .dslc-accordion-content --><\/p><\/div>\n<p><!-- .dslc-accordion-item --><\/p>\n<div class=\"dslc-accordion-item\" id=\"accordion-7\">\n<div class=\"dslc-accordion-header dslc-accordion-hook\">\n\t\t\t\t\t\t\t\t\t<span class=\"dslc-accordion-title\" >  Qu&rsquo;est-ce qu&rsquo;un CRM en assurance?<\/span><\/p>\n<div class=\"dslca-accordion-action-hooks\">\n\t\t\t\t\t\t\t\t\t\t\t<span class=\"dslca-toggle-accordion-hook\"><span class=\"dslca-icon dslc-icon-minus\"><\/span><\/span>\n\t\t\t\t\t\t\t\t\t\t<\/div>\n<\/p><\/div>\n<div class=\"dslc-accordion-content\">\n<div class=\"dslca-editable-content\">\n\t\t\t\t\t\t\t\t\t\t La concurrence dans le secteur des assurances rend le CRM pour les compagnies d&rsquo;assurance une n\u00e9cessit\u00e9. La gestion de la relation client (CRM) englobe les strat\u00e9gies, m\u00e9thodes et outils utilis\u00e9s pour \u00e9valuer le comportement et les interactions des clients afin de cultiver des relations positives avec les clients.\t\t\t\t\t\t\t\t\t<\/div>\n<\/p><\/div>\n<p><!-- .dslc-accordion-content --><\/p><\/div>\n<p><!-- .dslc-accordion-item --><\/p><\/div>\n<p><!-- .dslc-accordion --><\/p><\/div>\n<p><!-- .dslc-module -->\n\t\t<\/div>\n<\/div>\n<\/div>\n<\/div>\n<\/div><\/div>","protected":false},"excerpt":{"rendered":"<p>Pourquoi choisir Salesforce ? Salesforce est l&rsquo;un des fournisseurs de plateformes cloud les plus importants et les plus populaires au monde. Leur automatisation du marketing, la gestion de la relation client (CRM) et d&rsquo;autres logiciels leur donnent une tonne d&rsquo;avantages sur leurs concurrents que leurs clients adorent. Mais quels sont exactement ces avantages? Vous d\u00e9couvrirez [&hellip;]<\/p>\n","protected":false},"author":1,"featured_media":0,"parent":0,"menu_order":0,"comment_status":"closed","ping_status":"closed","template":"","meta":{"footnotes":""},"class_list":["post-2250","page","type-page","status-publish","hentry"],"acf":[],"yoast_head":"<!-- This site is optimized with the Yoast SEO plugin v26.4 - https:\/\/yoast.com\/wordpress\/plugins\/seo\/ -->\n<title>FAQ | Asklogix<\/title>\n<meta name=\"description\" content=\"Que signifie CRM ? Quel est le meilleur CRM pour les conseillers financiers ? La r\u00e9ponse \u00e0 toutes ces questions et plus encore dans notre section FAQ ici.\" \/>\n<meta name=\"robots\" content=\"index, follow, max-snippet:-1, max-image-preview:large, max-video-preview:-1\" \/>\n<link rel=\"canonical\" href=\"https:\/\/www.360asklogix.com\/faq\/\" \/>\n<meta property=\"og:locale\" content=\"fr_FR\" \/>\n<meta property=\"og:type\" content=\"article\" \/>\n<meta property=\"og:title\" content=\"FAQ | Asklogix\" \/>\n<meta property=\"og:description\" content=\"Que signifie CRM ? Quel est le meilleur CRM pour les conseillers financiers ? La r\u00e9ponse \u00e0 toutes ces questions et plus encore dans notre section FAQ ici.\" \/>\n<meta property=\"og:url\" content=\"https:\/\/www.360asklogix.com\/faq\/\" \/>\n<meta property=\"og:site_name\" content=\"Asklogix\" \/>\n<meta property=\"article:modified_time\" content=\"2022-07-26T20:58:45+00:00\" \/>\n<meta name=\"twitter:card\" content=\"summary_large_image\" \/>\n<meta name=\"twitter:label1\" content=\"Dur\u00e9e de lecture estim\u00e9e\" \/>\n\t<meta name=\"twitter:data1\" content=\"5 minutes\" \/>\n<script type=\"application\/ld+json\" class=\"yoast-schema-graph\">{\"@context\":\"https:\/\/schema.org\",\"@graph\":[{\"@type\":\"WebPage\",\"@id\":\"https:\/\/www.360asklogix.com\/faq\/\",\"url\":\"https:\/\/www.360asklogix.com\/faq\/\",\"name\":\"FAQ | Asklogix\",\"isPartOf\":{\"@id\":\"https:\/\/www.360asklogix.com\/#website\"},\"datePublished\":\"2019-12-30T15:55:54+00:00\",\"dateModified\":\"2022-07-26T20:58:45+00:00\",\"description\":\"Que signifie CRM ? Quel est le meilleur CRM pour les conseillers financiers ? La r\u00e9ponse \u00e0 toutes ces questions et plus encore dans notre section FAQ ici.\",\"breadcrumb\":{\"@id\":\"https:\/\/www.360asklogix.com\/faq\/#breadcrumb\"},\"inLanguage\":\"fr-FR\",\"potentialAction\":[{\"@type\":\"ReadAction\",\"target\":[\"https:\/\/www.360asklogix.com\/faq\/\"]}]},{\"@type\":\"BreadcrumbList\",\"@id\":\"https:\/\/www.360asklogix.com\/faq\/#breadcrumb\",\"itemListElement\":[{\"@type\":\"ListItem\",\"position\":1,\"name\":\"Accueil\",\"item\":\"https:\/\/www.360asklogix.com\/\"},{\"@type\":\"ListItem\",\"position\":2,\"name\":\"FAQ\"}]},{\"@type\":\"WebSite\",\"@id\":\"https:\/\/www.360asklogix.com\/#website\",\"url\":\"https:\/\/www.360asklogix.com\/\",\"name\":\"Asklogix\",\"description\":\"Digital solutions for financial services\",\"publisher\":{\"@id\":\"https:\/\/www.360asklogix.com\/#organization\"},\"potentialAction\":[{\"@type\":\"SearchAction\",\"target\":{\"@type\":\"EntryPoint\",\"urlTemplate\":\"https:\/\/www.360asklogix.com\/?s={search_term_string}\"},\"query-input\":{\"@type\":\"PropertyValueSpecification\",\"valueRequired\":true,\"valueName\":\"search_term_string\"}}],\"inLanguage\":\"fr-FR\"},{\"@type\":\"Organization\",\"@id\":\"https:\/\/www.360asklogix.com\/#organization\",\"name\":\"360Asklogix\",\"url\":\"https:\/\/www.360asklogix.com\/\",\"logo\":{\"@type\":\"ImageObject\",\"inLanguage\":\"fr-FR\",\"@id\":\"https:\/\/www.360asklogix.com\/#\/schema\/logo\/image\/\",\"url\":\"https:\/\/www.360asklogix.com\/wp-content\/uploads\/Logo-360-Asklogix.jpg\",\"contentUrl\":\"https:\/\/www.360asklogix.com\/wp-content\/uploads\/Logo-360-Asklogix.jpg\",\"width\":1920,\"height\":1080,\"caption\":\"360Asklogix\"},\"image\":{\"@id\":\"https:\/\/www.360asklogix.com\/#\/schema\/logo\/image\/\"},\"sameAs\":[\"https:\/\/www.linkedin.com\/company\/7802552\/admin\/\",\"https:\/\/www.youtube.com\/channel\/UCqGnm8NIIcau6NKRzlYz43Q\"]}]}<\/script>\n<!-- \/ Yoast SEO plugin. -->","yoast_head_json":{"title":"FAQ | Asklogix","description":"Que signifie CRM ? Quel est le meilleur CRM pour les conseillers financiers ? La r\u00e9ponse \u00e0 toutes ces questions et plus encore dans notre section FAQ ici.","robots":{"index":"index","follow":"follow","max-snippet":"max-snippet:-1","max-image-preview":"max-image-preview:large","max-video-preview":"max-video-preview:-1"},"canonical":"https:\/\/www.360asklogix.com\/faq\/","og_locale":"fr_FR","og_type":"article","og_title":"FAQ | Asklogix","og_description":"Que signifie CRM ? Quel est le meilleur CRM pour les conseillers financiers ? La r\u00e9ponse \u00e0 toutes ces questions et plus encore dans notre section FAQ ici.","og_url":"https:\/\/www.360asklogix.com\/faq\/","og_site_name":"Asklogix","article_modified_time":"2022-07-26T20:58:45+00:00","twitter_card":"summary_large_image","twitter_misc":{"Dur\u00e9e de lecture estim\u00e9e":"5 minutes"},"schema":{"@context":"https:\/\/schema.org","@graph":[{"@type":"WebPage","@id":"https:\/\/www.360asklogix.com\/faq\/","url":"https:\/\/www.360asklogix.com\/faq\/","name":"FAQ | Asklogix","isPartOf":{"@id":"https:\/\/www.360asklogix.com\/#website"},"datePublished":"2019-12-30T15:55:54+00:00","dateModified":"2022-07-26T20:58:45+00:00","description":"Que signifie CRM ? Quel est le meilleur CRM pour les conseillers financiers ? La r\u00e9ponse \u00e0 toutes ces questions et plus encore dans notre section FAQ ici.","breadcrumb":{"@id":"https:\/\/www.360asklogix.com\/faq\/#breadcrumb"},"inLanguage":"fr-FR","potentialAction":[{"@type":"ReadAction","target":["https:\/\/www.360asklogix.com\/faq\/"]}]},{"@type":"BreadcrumbList","@id":"https:\/\/www.360asklogix.com\/faq\/#breadcrumb","itemListElement":[{"@type":"ListItem","position":1,"name":"Accueil","item":"https:\/\/www.360asklogix.com\/"},{"@type":"ListItem","position":2,"name":"FAQ"}]},{"@type":"WebSite","@id":"https:\/\/www.360asklogix.com\/#website","url":"https:\/\/www.360asklogix.com\/","name":"Asklogix","description":"Digital solutions for financial services","publisher":{"@id":"https:\/\/www.360asklogix.com\/#organization"},"potentialAction":[{"@type":"SearchAction","target":{"@type":"EntryPoint","urlTemplate":"https:\/\/www.360asklogix.com\/?s={search_term_string}"},"query-input":{"@type":"PropertyValueSpecification","valueRequired":true,"valueName":"search_term_string"}}],"inLanguage":"fr-FR"},{"@type":"Organization","@id":"https:\/\/www.360asklogix.com\/#organization","name":"360Asklogix","url":"https:\/\/www.360asklogix.com\/","logo":{"@type":"ImageObject","inLanguage":"fr-FR","@id":"https:\/\/www.360asklogix.com\/#\/schema\/logo\/image\/","url":"https:\/\/www.360asklogix.com\/wp-content\/uploads\/Logo-360-Asklogix.jpg","contentUrl":"https:\/\/www.360asklogix.com\/wp-content\/uploads\/Logo-360-Asklogix.jpg","width":1920,"height":1080,"caption":"360Asklogix"},"image":{"@id":"https:\/\/www.360asklogix.com\/#\/schema\/logo\/image\/"},"sameAs":["https:\/\/www.linkedin.com\/company\/7802552\/admin\/","https:\/\/www.youtube.com\/channel\/UCqGnm8NIIcau6NKRzlYz43Q"]}]}},"_links":{"self":[{"href":"https:\/\/www.360asklogix.com\/fr\/wp-json\/wp\/v2\/pages\/2250","targetHints":{"allow":["GET"]}}],"collection":[{"href":"https:\/\/www.360asklogix.com\/fr\/wp-json\/wp\/v2\/pages"}],"about":[{"href":"https:\/\/www.360asklogix.com\/fr\/wp-json\/wp\/v2\/types\/page"}],"author":[{"embeddable":true,"href":"https:\/\/www.360asklogix.com\/fr\/wp-json\/wp\/v2\/users\/1"}],"replies":[{"embeddable":true,"href":"https:\/\/www.360asklogix.com\/fr\/wp-json\/wp\/v2\/comments?post=2250"}],"version-history":[{"count":1,"href":"https:\/\/www.360asklogix.com\/fr\/wp-json\/wp\/v2\/pages\/2250\/revisions"}],"predecessor-version":[{"id":2251,"href":"https:\/\/www.360asklogix.com\/fr\/wp-json\/wp\/v2\/pages\/2250\/revisions\/2251"}],"wp:attachment":[{"href":"https:\/\/www.360asklogix.com\/fr\/wp-json\/wp\/v2\/media?parent=2250"}],"curies":[{"name":"wp","href":"https:\/\/api.w.org\/{rel}","templated":true}]}}