{"id":3,"date":"2018-08-24T18:47:37","date_gmt":"2018-08-24T16:47:37","guid":{"rendered":"https:\/\/www.asklogix.com\/?page_id=3"},"modified":"2022-07-26T22:56:06","modified_gmt":"2022-07-26T20:56:06","slug":"mentions-legales","status":"publish","type":"page","link":"https:\/\/www.360asklogix.com\/fr\/mentions-legales\/","title":{"rendered":"Mentions l\u00e9gales"},"content":{"rendered":"<div id=\"dslc-theme-content\"><div id=\"dslc-theme-content-inner\"><div id=\"dslc-main\">\n<div  class=\"dslc-modules-section \" style=\"\" data-section-id=\"70eb00792ae\">\n<div class=\"dslc-modules-section-wrapper dslc-clearfix\">\n<div class=\"dslc-modules-area dslc-col dslc-12-col dslc-last-col dslc-valign- \" data-size=\"12\" data-valign=\"\">\n<div id=\"dslc-module-ec70416cc23\" class=\"dslc-module-front dslc-module-DSLC_Text_Simple dslc-in-viewport-check dslc-in-viewport-anim-none  dslc-col dslc-12-col dslc-last-col  dslc-module-handle-like-regular \" data-module-id=\"ec70416cc23\" data-module=\"DSLC_Text_Simple\" data-dslc-module-size=\"12\" data-dslc-anim=\"none\" data-dslc-anim-delay=\"\" data-dslc-anim-duration=\"650\"  data-dslc-anim-easing=\"ease\" data-dslc-preset=\"none\" >\n<div class=\"dslc-text-module-content\">\n<h2>Mentions L\u00e9gales<\/h2>\n<p>Ce site et son contenu sont l\u2019enti\u00e8re propri\u00e9t\u00e9 d\u2019Asklogix (marque d\u00e9pos\u00e9e). \u00a0Toute reproduction, m\u00eame partielle, de ce site est strictement interdite.<br \/>Ce site est \u00e9dit\u00e9 par: Asklogix<br \/>Si\u00e8ge social : 27 Place de la Madeleine 75008 Paris<br \/>T\u00e9l\u00e9phone: 01 73 03 20 47<br \/>SARL au capital de 40 000\u00a0\u20ac<br \/>Siren 429\u00a0219\u00a0793<br \/>RCS\u00a0: Paris B429219793<br \/>NAF 6202A<br \/>TVA intracommunautaire : FR62799216320<br \/>Activit\u00e9\u00a0:\u00a0Conseil en syst\u00e8mes et logiciels informatiques<\/p>\n<p><strong>H\u00e9bergeur:<\/strong><br \/>OVH SAS au capital de 10 059 500 \u20ac<br \/>RCS Roubaix \u2013 Tourcoing 424 761 419 00045<br \/>Code APE 6202A<br \/>N\u00b0 TVA : FR 22 424 761\u00a0419Si\u00e8ge social : 2 rue Kellermann \u2013 59100 Roubaix \u2013 France.<\/p>\n<p><strong>Collecte de donn\u00e9es et vie priv\u00e9e:<\/strong><br \/>Asklogix, en sa qualit\u00e9 de responsable de traitement, collecte, via les formulaires de son site internet, vos donn\u00e9es pour vous permettre de recevoir sa newsletter ou des informations commerciales sur ses offres. Les donn\u00e9es ne sont aucunement transmises \u00e0 des tiers. Conform\u00e9ment \u00e0 la loi \u00ab Informatique et Libert\u00e9s \u00bb modifi\u00e9e, si vous le souhaitez, vous pouvez consulter, rectifier ou supprimer vos donn\u00e9es, en adressant votre demande, accompagn\u00e9e d\u2019un justificatif de votre identit\u00e9 par e-mail \u00e0 l\u2019adresse suivante contact@asklogix.com ou par courrier postal \u00e0 l\u2019adresse Asklogix \u2013 27 Place de la Madeleine 75008 Paris.<\/p>\n<\/p><\/div>\n<\/p><\/div>\n<p><!-- .dslc-module --><\/p>\n<div id=\"dslc-module-8069818b41b\" class=\"dslc-module-front dslc-module-DSLC_Html dslc-in-viewport-check dslc-in-viewport-anim-none  dslc-col dslc-12-col dslc-last-col  dslc-module-handle-like-regular \" data-module-id=\"8069818b41b\" data-module=\"DSLC_Html\" data-dslc-module-size=\"12\" data-dslc-anim=\"none\" data-dslc-anim-delay=\"\" data-dslc-anim-duration=\"650\"  data-dslc-anim-easing=\"ease\" data-dslc-preset=\"none\" >\n<div class=\"dslc-html-module-content\">\n<p style=\"height:0px;overflow:hidden;\">\n<\/div><\/div>\n<p><!-- .dslc-module -->\n\t\t<\/div>\n<\/div>\n<\/div>\n<\/div>\n<\/div><\/div>","protected":false},"excerpt":{"rendered":"<p>Mentions L\u00e9gales Ce site et son contenu sont l\u2019enti\u00e8re propri\u00e9t\u00e9 d\u2019Asklogix (marque d\u00e9pos\u00e9e). \u00a0Toute reproduction, m\u00eame partielle, de ce site est strictement interdite.Ce site est \u00e9dit\u00e9 par: AsklogixSi\u00e8ge social : 27 Place de la Madeleine 75008 ParisT\u00e9l\u00e9phone: 01 73 03 20 47SARL au capital de 40 000\u00a0\u20acSiren 429\u00a0219\u00a0793RCS\u00a0: Paris B429219793NAF 6202ATVA intracommunautaire : FR62799216320Activit\u00e9\u00a0:\u00a0Conseil en [&hellip;]<\/p>\n","protected":false},"author":1,"featured_media":0,"parent":0,"menu_order":0,"comment_status":"closed","ping_status":"closed","template":"","meta":{"footnotes":""},"class_list":["post-3","page","type-page","status-publish","hentry"],"acf":[],"yoast_head":"<!-- This site is optimized with the Yoast SEO plugin v26.4 - https:\/\/yoast.com\/wordpress\/plugins\/seo\/ -->\n<title>Mentions L\u00e9gales | Asklogix<\/title>\n<meta name=\"description\" content=\"Si vous souhaitez en savoir plus sur la collecte de donn\u00e9es et la protection de la vie priv\u00e9e, vous pouvez consulter nos mentions l\u00e9gales. Cliquez ici.\" \/>\n<meta name=\"robots\" content=\"index, follow, max-snippet:-1, max-image-preview:large, max-video-preview:-1\" \/>\n<link rel=\"canonical\" href=\"https:\/\/www.360asklogix.com\/legal-notice\/\" \/>\n<meta property=\"og:locale\" content=\"fr_FR\" \/>\n<meta property=\"og:type\" content=\"article\" \/>\n<meta property=\"og:title\" content=\"Mentions L\u00e9gales | Asklogix\" \/>\n<meta property=\"og:description\" content=\"Si vous souhaitez en savoir plus sur la collecte de donn\u00e9es et la protection de la vie priv\u00e9e, vous pouvez consulter nos mentions l\u00e9gales. Cliquez ici.\" \/>\n<meta property=\"og:url\" content=\"https:\/\/www.360asklogix.com\/legal-notice\/\" \/>\n<meta property=\"og:site_name\" content=\"Asklogix\" \/>\n<meta property=\"article:modified_time\" content=\"2022-07-26T20:56:06+00:00\" \/>\n<meta name=\"twitter:card\" content=\"summary_large_image\" \/>\n<meta name=\"twitter:label1\" content=\"Dur\u00e9e de lecture estim\u00e9e\" \/>\n\t<meta name=\"twitter:data1\" content=\"1 minute\" \/>\n<script type=\"application\/ld+json\" class=\"yoast-schema-graph\">{\"@context\":\"https:\/\/schema.org\",\"@graph\":[{\"@type\":\"WebPage\",\"@id\":\"https:\/\/www.360asklogix.com\/legal-notice\/\",\"url\":\"https:\/\/www.360asklogix.com\/legal-notice\/\",\"name\":\"Mentions L\u00e9gales | Asklogix\",\"isPartOf\":{\"@id\":\"https:\/\/www.360asklogix.com\/#website\"},\"datePublished\":\"2018-08-24T16:47:37+00:00\",\"dateModified\":\"2022-07-26T20:56:06+00:00\",\"description\":\"Si vous souhaitez en savoir plus sur la collecte de donn\u00e9es et la protection de la vie priv\u00e9e, vous pouvez consulter nos mentions l\u00e9gales. Cliquez ici.\",\"breadcrumb\":{\"@id\":\"https:\/\/www.360asklogix.com\/legal-notice\/#breadcrumb\"},\"inLanguage\":\"fr-FR\",\"potentialAction\":[{\"@type\":\"ReadAction\",\"target\":[\"https:\/\/www.360asklogix.com\/legal-notice\/\"]}]},{\"@type\":\"BreadcrumbList\",\"@id\":\"https:\/\/www.360asklogix.com\/legal-notice\/#breadcrumb\",\"itemListElement\":[{\"@type\":\"ListItem\",\"position\":1,\"name\":\"Accueil\",\"item\":\"https:\/\/www.360asklogix.com\/\"},{\"@type\":\"ListItem\",\"position\":2,\"name\":\"Mentions l\u00e9gales\"}]},{\"@type\":\"WebSite\",\"@id\":\"https:\/\/www.360asklogix.com\/#website\",\"url\":\"https:\/\/www.360asklogix.com\/\",\"name\":\"Asklogix\",\"description\":\"Digital solutions for financial services\",\"publisher\":{\"@id\":\"https:\/\/www.360asklogix.com\/#organization\"},\"potentialAction\":[{\"@type\":\"SearchAction\",\"target\":{\"@type\":\"EntryPoint\",\"urlTemplate\":\"https:\/\/www.360asklogix.com\/?s={search_term_string}\"},\"query-input\":{\"@type\":\"PropertyValueSpecification\",\"valueRequired\":true,\"valueName\":\"search_term_string\"}}],\"inLanguage\":\"fr-FR\"},{\"@type\":\"Organization\",\"@id\":\"https:\/\/www.360asklogix.com\/#organization\",\"name\":\"360Asklogix\",\"url\":\"https:\/\/www.360asklogix.com\/\",\"logo\":{\"@type\":\"ImageObject\",\"inLanguage\":\"fr-FR\",\"@id\":\"https:\/\/www.360asklogix.com\/#\/schema\/logo\/image\/\",\"url\":\"https:\/\/www.360asklogix.com\/wp-content\/uploads\/Logo-360-Asklogix.jpg\",\"contentUrl\":\"https:\/\/www.360asklogix.com\/wp-content\/uploads\/Logo-360-Asklogix.jpg\",\"width\":1920,\"height\":1080,\"caption\":\"360Asklogix\"},\"image\":{\"@id\":\"https:\/\/www.360asklogix.com\/#\/schema\/logo\/image\/\"},\"sameAs\":[\"https:\/\/www.linkedin.com\/company\/7802552\/admin\/\",\"https:\/\/www.youtube.com\/channel\/UCqGnm8NIIcau6NKRzlYz43Q\"]}]}<\/script>\n<!-- \/ Yoast SEO plugin. -->","yoast_head_json":{"title":"Mentions L\u00e9gales | Asklogix","description":"Si vous souhaitez en savoir plus sur la collecte de donn\u00e9es et la protection de la vie priv\u00e9e, vous pouvez consulter nos mentions l\u00e9gales. Cliquez ici.","robots":{"index":"index","follow":"follow","max-snippet":"max-snippet:-1","max-image-preview":"max-image-preview:large","max-video-preview":"max-video-preview:-1"},"canonical":"https:\/\/www.360asklogix.com\/legal-notice\/","og_locale":"fr_FR","og_type":"article","og_title":"Mentions L\u00e9gales | Asklogix","og_description":"Si vous souhaitez en savoir plus sur la collecte de donn\u00e9es et la protection de la vie priv\u00e9e, vous pouvez consulter nos mentions l\u00e9gales. Cliquez ici.","og_url":"https:\/\/www.360asklogix.com\/legal-notice\/","og_site_name":"Asklogix","article_modified_time":"2022-07-26T20:56:06+00:00","twitter_card":"summary_large_image","twitter_misc":{"Dur\u00e9e de lecture estim\u00e9e":"1 minute"},"schema":{"@context":"https:\/\/schema.org","@graph":[{"@type":"WebPage","@id":"https:\/\/www.360asklogix.com\/legal-notice\/","url":"https:\/\/www.360asklogix.com\/legal-notice\/","name":"Mentions L\u00e9gales | Asklogix","isPartOf":{"@id":"https:\/\/www.360asklogix.com\/#website"},"datePublished":"2018-08-24T16:47:37+00:00","dateModified":"2022-07-26T20:56:06+00:00","description":"Si vous souhaitez en savoir plus sur la collecte de donn\u00e9es et la protection de la vie priv\u00e9e, vous pouvez consulter nos mentions l\u00e9gales. Cliquez ici.","breadcrumb":{"@id":"https:\/\/www.360asklogix.com\/legal-notice\/#breadcrumb"},"inLanguage":"fr-FR","potentialAction":[{"@type":"ReadAction","target":["https:\/\/www.360asklogix.com\/legal-notice\/"]}]},{"@type":"BreadcrumbList","@id":"https:\/\/www.360asklogix.com\/legal-notice\/#breadcrumb","itemListElement":[{"@type":"ListItem","position":1,"name":"Accueil","item":"https:\/\/www.360asklogix.com\/"},{"@type":"ListItem","position":2,"name":"Mentions l\u00e9gales"}]},{"@type":"WebSite","@id":"https:\/\/www.360asklogix.com\/#website","url":"https:\/\/www.360asklogix.com\/","name":"Asklogix","description":"Digital solutions for financial services","publisher":{"@id":"https:\/\/www.360asklogix.com\/#organization"},"potentialAction":[{"@type":"SearchAction","target":{"@type":"EntryPoint","urlTemplate":"https:\/\/www.360asklogix.com\/?s={search_term_string}"},"query-input":{"@type":"PropertyValueSpecification","valueRequired":true,"valueName":"search_term_string"}}],"inLanguage":"fr-FR"},{"@type":"Organization","@id":"https:\/\/www.360asklogix.com\/#organization","name":"360Asklogix","url":"https:\/\/www.360asklogix.com\/","logo":{"@type":"ImageObject","inLanguage":"fr-FR","@id":"https:\/\/www.360asklogix.com\/#\/schema\/logo\/image\/","url":"https:\/\/www.360asklogix.com\/wp-content\/uploads\/Logo-360-Asklogix.jpg","contentUrl":"https:\/\/www.360asklogix.com\/wp-content\/uploads\/Logo-360-Asklogix.jpg","width":1920,"height":1080,"caption":"360Asklogix"},"image":{"@id":"https:\/\/www.360asklogix.com\/#\/schema\/logo\/image\/"},"sameAs":["https:\/\/www.linkedin.com\/company\/7802552\/admin\/","https:\/\/www.youtube.com\/channel\/UCqGnm8NIIcau6NKRzlYz43Q"]}]}},"_links":{"self":[{"href":"https:\/\/www.360asklogix.com\/fr\/wp-json\/wp\/v2\/pages\/3","targetHints":{"allow":["GET"]}}],"collection":[{"href":"https:\/\/www.360asklogix.com\/fr\/wp-json\/wp\/v2\/pages"}],"about":[{"href":"https:\/\/www.360asklogix.com\/fr\/wp-json\/wp\/v2\/types\/page"}],"author":[{"embeddable":true,"href":"https:\/\/www.360asklogix.com\/fr\/wp-json\/wp\/v2\/users\/1"}],"replies":[{"embeddable":true,"href":"https:\/\/www.360asklogix.com\/fr\/wp-json\/wp\/v2\/comments?post=3"}],"version-history":[{"count":3,"href":"https:\/\/www.360asklogix.com\/fr\/wp-json\/wp\/v2\/pages\/3\/revisions"}],"predecessor-version":[{"id":1644,"href":"https:\/\/www.360asklogix.com\/fr\/wp-json\/wp\/v2\/pages\/3\/revisions\/1644"}],"wp:attachment":[{"href":"https:\/\/www.360asklogix.com\/fr\/wp-json\/wp\/v2\/media?parent=3"}],"curies":[{"name":"wp","href":"https:\/\/api.w.org\/{rel}","templated":true}]}}