{"id":41,"date":"2018-08-24T19:02:33","date_gmt":"2018-08-24T17:02:33","guid":{"rendered":"https:\/\/www.asklogix.com\/contact-us-2\/"},"modified":"2025-12-09T11:52:04","modified_gmt":"2025-12-09T10:52:04","slug":"contact","status":"publish","type":"page","link":"https:\/\/www.360asklogix.com\/fr\/contact\/","title":{"rendered":"Contact"},"content":{"rendered":"<div id=\"dslc-theme-content\"><div id=\"dslc-theme-content-inner\"><div id=\"dslc-main\"><!-- Meta --><br \/>\n<meta http-equiv=\"Content-type\" content=\"text\/html; charset=UTF-8\"><\/p>\n<p><!-- Bootstrap 5 -->\n<link href=\"https:\/\/cdn.jsdelivr.net\/npm\/bootstrap@5.0.2\/dist\/css\/bootstrap.min.css\" rel=\"stylesheet\">\n<script src=\"https:\/\/cdn.jsdelivr.net\/npm\/bootstrap@5.0.2\/dist\/js\/bootstrap.bundle.min.js\"><\/script><\/p>\n<div class=\"g-recaptcha\" data-sitekey=\"6Lf1hI4rAAAAAC20OzMyOJ_79mp3ka_ieIFbtDtN\"><\/div>\n<style>\n.container-fluid{\n    padding-right: 0px !important;\n    padding-left: 0px !important;\n}\n<\/style>\n<p><!-- Bootstrap Icons -->\n<link href=\"https:\/\/cdn.jsdelivr.net\/npm\/bootstrap-icons@1.11.3\/font\/bootstrap-icons.css\" rel=\"stylesheet\">\n<div class=\"desktop-mb\" style=\"margin-top:120px;\">\n<div class=\"container-fluid\">\n<div class=\"heading\" style=\"text-align:center;padding-top:40px;background-color:#1f9be8; margin-bottom: 30px; padding-bottom: 5px;\">\n<h2 class=\"mb-3\" style=\"color:#fff; font-weight:800\">Contact Us<\/h2>\n<\/div>\n<\/div>\n<div class=\"container my-5\">\n<div class=\"row g-4 align-items-start\">\n        <!-- LEFT SIDE \u2013 ADDRESS (col-md-5) --><\/p>\n<div class=\"col-md-5\">\n<div class=\"p-4 border rounded bg-light h-100\">\n<p>                <!-- Address Block 1 --><\/p>\n<h4 class=\"mb-3\">Informations de contact<\/h4>\n<p class=\"mb-1\"><strong>Londres<\/strong><\/p>\n<p class=\"mb-1\"><i class=\"bi bi-geo-alt-fill me-2\"><\/i>81 Fulham Road<\/p>\n<p class=\"mb-1\">SW3 6RD Londres<\/p>\n<p class=\"mb-1\">\n                    <i class=\"bi bi-telephone-fill me-2\"><\/i><br \/>\n                    <a href=\"tel:+447805565876\" class=\"text-decoration-none\">+44 7805 565 876<\/a>\n                <\/p>\n<p class=\"mb-3\">\n                    <i class=\"bi bi-envelope-fill me-2\"><\/i><br \/>\n                    <a href=\"mailto:contact@360asklogix.com\" class=\"text-decoration-none\">contact@360asklogix.com<\/a>\n                <\/p>\n<hr>\n<p>                <!-- Address Block 2 --><\/p>\n<p class=\"mb-1\"><strong>Paris<\/strong><\/p>\n<p class=\"mb-1\"><i class=\"bi bi-geo-alt-fill me-2\"><\/i>27 Place de la Madeleine<\/p>\n<p class=\"mb-1\">75008 Paris<\/p>\n<p class=\"mb-1\">\n                    <i class=\"bi bi-telephone-fill me-2\"><\/i><br \/>\n                    <a href=\"tel:+33622829160\" class=\"text-decoration-none\">+33 6 22 82 91 60<\/a>\n                <\/p>\n<p class=\"mb-3\">\n                    <i class=\"bi bi-envelope-fill me-2\"><\/i><br \/>\n                    <a href=\"mailto:contact@360asklogix.com\" class=\"text-decoration-none\">contact@360asklogix.com<\/a>\n                <\/p>\n<hr>\n<p>                <!-- Address Block 3 --><\/p>\n<p class=\"mb-1\"><strong>Jaipur (India)<\/strong><\/p>\n<p class=\"mb-1\">\n                    <i class=\"bi bi-geo-alt-fill me-2\"><\/i><br \/>\n                    2nd Floor, Shivraj Niketan Colony, Vaishali Nagar\n                <\/p>\n<p class=\"mb-1\">Jaipur Division, Jaipur, Rajasthan &#8211; 302021<\/p>\n<p class=\"mb-1\">\n                    <i class=\"bi bi-telephone-fill me-2\"><\/i><br \/>\n                    <a href=\"tel:+917905292314\" class=\"text-decoration-none\"><br \/>\n                        +91 79052 92314<br \/>\n                    <\/a>\n                <\/p>\n<p>\n                    <i class=\"bi bi-envelope-fill me-2\"><\/i><br \/>\n                    <a href=\"mailto:contact@360asklogix.com\" class=\"text-decoration-none\">contact@360asklogix.com<\/a>\n                <\/p>\n<\/p><\/div>\n<\/p><\/div>\n<p>        <!-- RIGHT SIDE \u2013 FORM (col-md-7) --><\/p>\n<div class=\"col-md-7\">\n<form \n                action=\"https:\/\/webto.salesforce.com\/servlet\/servlet.WebToLead?encoding=UTF-8&#038;orgId=00DF9000002xlQx\" \n                method=\"POST\" \n                class=\"p-4 border rounded shadow-sm bg-white\"\n            ><\/p>\n<p>                <input type=\"hidden\" name=\"oid\" value=\"00DF9000002xlQx\"><br \/>\n                <input type=\"hidden\" name=\"retURL\" value=\"https:\/\/www.360asklogix.com\/fr\/contact\/\"><\/p>\n<p>                <!-- First + Last Name (same row) --><\/p>\n<div class=\"row mb-3\">\n<div class=\"col-md-6\">\n                        <label for=\"first_name\" class=\"form-label\">Nom*<\/label><br \/>\n                        <input id=\"first_name\" name=\"first_name\" type=\"text\" class=\"form-control\" maxlength=\"40\" required>\n                    <\/div>\n<div class=\"col-md-6\">\n                        <label for=\"last_name\" class=\"form-label\">Pr\u00e9nom*<\/label><br \/>\n                        <input id=\"last_name\" name=\"last_name\" type=\"text\" class=\"form-control\" maxlength=\"80\" required>\n                    <\/div>\n<\/p><\/div>\n<p>                <!-- Email + Company (same row) --><\/p>\n<div class=\"row mb-3\">\n<div class=\"col-md-6\">\n                        <label for=\"email\" class=\"form-label\">Email*<\/label><br \/>\n                        <input id=\"email\" name=\"email\" type=\"email\" class=\"form-control\" maxlength=\"80\" required>\n                    <\/div>\n<div class=\"col-md-6\">\n                        <label for=\"company\" class=\"form-label\">Soci\u00e9t\u00e9<\/label><br \/>\n                        <input id=\"company\" name=\"company\" type=\"text\" class=\"form-control\" maxlength=\"40\">\n                    <\/div>\n<\/p><\/div>\n<p>                <!-- City --><\/p>\n<div class=\"mb-3\">\n                    <label for=\"city\" class=\"form-label\">Ville<\/label><br \/>\n                    <input id=\"city\" name=\"city\" type=\"text\" class=\"form-control\" maxlength=\"40\">\n                <\/div>\n<p>                <!-- Description --><\/p>\n<div class=\"mb-3\">\n                    <label for=\"description\" class=\"form-label\">Votre message*<\/label><br \/>\n                    <textarea id=\"description\" name=\"description\" class=\"form-control\" rows=\"4\" required><\/textarea>\n                <\/div>\n<p><!-- Google reCAPTCHA --><\/p>\n<div class=\"mb-3\">\n<div class=\"g-recaptcha\" data-sitekey=\"6Lf1hI4rAAAAAC20OzMyOJ_79mp3ka_ieIFbtDtN\"><\/div>\n<\/p><\/div>\n<p>                <!-- Submit --><br \/>\n                <button type=\"submit\" class=\"btn btn-primary w-100\">Envoyer la demande<\/button><\/p><\/form>\n<\/p><\/div>\n<\/p><\/div>\n<\/div>\n<\/div>\n<\/div>\n<\/div><\/div>","protected":false},"excerpt":{"rendered":"<p>Contact Us Informations de contact Londres 81 Fulham Road SW3 6RD Londres +44 7805 565 876 contact@360asklogix.com Paris 27 Place de la Madeleine 75008 Paris +33 6 22 82 91 60 contact@360asklogix.com Jaipur (India) 2nd Floor, Shivraj Niketan Colony, Vaishali Nagar Jaipur Division, Jaipur, Rajasthan &#8211; 302021 +91 79052 92314 contact@360asklogix.com Nom* Pr\u00e9nom* Email* Soci\u00e9t\u00e9 [&hellip;]<\/p>\n","protected":false},"author":1,"featured_media":0,"parent":0,"menu_order":0,"comment_status":"closed","ping_status":"closed","template":"","meta":{"footnotes":""},"class_list":["post-41","page","type-page","status-publish","hentry"],"acf":[],"yoast_head":"<!-- This site is optimized with the Yoast SEO plugin v26.4 - https:\/\/yoast.com\/wordpress\/plugins\/seo\/ -->\n<title>Contactez-nous | Asklogix<\/title>\n<meta name=\"description\" content=\"AskLogix aspire \u00e0 \u00eatre le leader des solutions CRM en nuage pour le secteur des services financiers. Des questions ou des demandes ? Contactez-nous ici.\" \/>\n<meta name=\"robots\" content=\"index, follow, max-snippet:-1, max-image-preview:large, max-video-preview:-1\" \/>\n<link rel=\"canonical\" href=\"https:\/\/www.360asklogix.com\/fr\/contact\/\" \/>\n<meta property=\"og:locale\" content=\"fr_FR\" \/>\n<meta property=\"og:type\" content=\"article\" \/>\n<meta property=\"og:title\" content=\"Contactez-nous | Asklogix\" \/>\n<meta property=\"og:description\" content=\"AskLogix aspire \u00e0 \u00eatre le leader des solutions CRM en nuage pour le secteur des services financiers. Des questions ou des demandes ? Contactez-nous ici.\" \/>\n<meta property=\"og:url\" content=\"https:\/\/www.360asklogix.com\/fr\/contact\/\" \/>\n<meta property=\"og:site_name\" content=\"Asklogix\" \/>\n<meta property=\"article:modified_time\" content=\"2025-12-09T10:52:04+00:00\" \/>\n<meta property=\"og:image\" content=\"https:\/\/www.360asklogix.com\/wp-content\/uploads\/contact.png\" \/>\n<meta name=\"twitter:card\" content=\"summary_large_image\" \/>\n<meta name=\"twitter:label1\" content=\"Dur\u00e9e de lecture estim\u00e9e\" \/>\n\t<meta name=\"twitter:data1\" content=\"2 minutes\" \/>\n<script type=\"application\/ld+json\" class=\"yoast-schema-graph\">{\"@context\":\"https:\/\/schema.org\",\"@graph\":[{\"@type\":\"WebPage\",\"@id\":\"https:\/\/www.360asklogix.com\/fr\/contact\/\",\"url\":\"https:\/\/www.360asklogix.com\/fr\/contact\/\",\"name\":\"Contactez-nous | Asklogix\",\"isPartOf\":{\"@id\":\"https:\/\/www.360asklogix.com\/#website\"},\"datePublished\":\"2018-08-24T17:02:33+00:00\",\"dateModified\":\"2025-12-09T10:52:04+00:00\",\"description\":\"AskLogix aspire \u00e0 \u00eatre le leader des solutions CRM en nuage pour le secteur des services financiers. Des questions ou des demandes ? Contactez-nous ici.\",\"breadcrumb\":{\"@id\":\"https:\/\/www.360asklogix.com\/fr\/contact\/#breadcrumb\"},\"inLanguage\":\"fr-FR\",\"potentialAction\":[{\"@type\":\"ReadAction\",\"target\":[\"https:\/\/www.360asklogix.com\/fr\/contact\/\"]}]},{\"@type\":\"BreadcrumbList\",\"@id\":\"https:\/\/www.360asklogix.com\/fr\/contact\/#breadcrumb\",\"itemListElement\":[{\"@type\":\"ListItem\",\"position\":1,\"name\":\"Accueil\",\"item\":\"https:\/\/www.360asklogix.com\/\"},{\"@type\":\"ListItem\",\"position\":2,\"name\":\"Contact\"}]},{\"@type\":\"WebSite\",\"@id\":\"https:\/\/www.360asklogix.com\/#website\",\"url\":\"https:\/\/www.360asklogix.com\/\",\"name\":\"Asklogix\",\"description\":\"Digital solutions for financial services\",\"publisher\":{\"@id\":\"https:\/\/www.360asklogix.com\/#organization\"},\"potentialAction\":[{\"@type\":\"SearchAction\",\"target\":{\"@type\":\"EntryPoint\",\"urlTemplate\":\"https:\/\/www.360asklogix.com\/?s={search_term_string}\"},\"query-input\":{\"@type\":\"PropertyValueSpecification\",\"valueRequired\":true,\"valueName\":\"search_term_string\"}}],\"inLanguage\":\"fr-FR\"},{\"@type\":\"Organization\",\"@id\":\"https:\/\/www.360asklogix.com\/#organization\",\"name\":\"360Asklogix\",\"url\":\"https:\/\/www.360asklogix.com\/\",\"logo\":{\"@type\":\"ImageObject\",\"inLanguage\":\"fr-FR\",\"@id\":\"https:\/\/www.360asklogix.com\/#\/schema\/logo\/image\/\",\"url\":\"https:\/\/www.360asklogix.com\/wp-content\/uploads\/Logo-360-Asklogix.jpg\",\"contentUrl\":\"https:\/\/www.360asklogix.com\/wp-content\/uploads\/Logo-360-Asklogix.jpg\",\"width\":1920,\"height\":1080,\"caption\":\"360Asklogix\"},\"image\":{\"@id\":\"https:\/\/www.360asklogix.com\/#\/schema\/logo\/image\/\"},\"sameAs\":[\"https:\/\/www.linkedin.com\/company\/7802552\/admin\/\",\"https:\/\/www.youtube.com\/channel\/UCqGnm8NIIcau6NKRzlYz43Q\"]}]}<\/script>\n<!-- \/ Yoast SEO plugin. -->","yoast_head_json":{"title":"Contactez-nous | Asklogix","description":"AskLogix aspire \u00e0 \u00eatre le leader des solutions CRM en nuage pour le secteur des services financiers. Des questions ou des demandes ? Contactez-nous ici.","robots":{"index":"index","follow":"follow","max-snippet":"max-snippet:-1","max-image-preview":"max-image-preview:large","max-video-preview":"max-video-preview:-1"},"canonical":"https:\/\/www.360asklogix.com\/fr\/contact\/","og_locale":"fr_FR","og_type":"article","og_title":"Contactez-nous | Asklogix","og_description":"AskLogix aspire \u00e0 \u00eatre le leader des solutions CRM en nuage pour le secteur des services financiers. Des questions ou des demandes ? Contactez-nous ici.","og_url":"https:\/\/www.360asklogix.com\/fr\/contact\/","og_site_name":"Asklogix","article_modified_time":"2025-12-09T10:52:04+00:00","og_image":[{"url":"https:\/\/www.360asklogix.com\/wp-content\/uploads\/contact.png","type":"","width":"","height":""}],"twitter_card":"summary_large_image","twitter_misc":{"Dur\u00e9e de lecture estim\u00e9e":"2 minutes"},"schema":{"@context":"https:\/\/schema.org","@graph":[{"@type":"WebPage","@id":"https:\/\/www.360asklogix.com\/fr\/contact\/","url":"https:\/\/www.360asklogix.com\/fr\/contact\/","name":"Contactez-nous | Asklogix","isPartOf":{"@id":"https:\/\/www.360asklogix.com\/#website"},"datePublished":"2018-08-24T17:02:33+00:00","dateModified":"2025-12-09T10:52:04+00:00","description":"AskLogix aspire \u00e0 \u00eatre le leader des solutions CRM en nuage pour le secteur des services financiers. Des questions ou des demandes ? Contactez-nous ici.","breadcrumb":{"@id":"https:\/\/www.360asklogix.com\/fr\/contact\/#breadcrumb"},"inLanguage":"fr-FR","potentialAction":[{"@type":"ReadAction","target":["https:\/\/www.360asklogix.com\/fr\/contact\/"]}]},{"@type":"BreadcrumbList","@id":"https:\/\/www.360asklogix.com\/fr\/contact\/#breadcrumb","itemListElement":[{"@type":"ListItem","position":1,"name":"Accueil","item":"https:\/\/www.360asklogix.com\/"},{"@type":"ListItem","position":2,"name":"Contact"}]},{"@type":"WebSite","@id":"https:\/\/www.360asklogix.com\/#website","url":"https:\/\/www.360asklogix.com\/","name":"Asklogix","description":"Digital solutions for financial services","publisher":{"@id":"https:\/\/www.360asklogix.com\/#organization"},"potentialAction":[{"@type":"SearchAction","target":{"@type":"EntryPoint","urlTemplate":"https:\/\/www.360asklogix.com\/?s={search_term_string}"},"query-input":{"@type":"PropertyValueSpecification","valueRequired":true,"valueName":"search_term_string"}}],"inLanguage":"fr-FR"},{"@type":"Organization","@id":"https:\/\/www.360asklogix.com\/#organization","name":"360Asklogix","url":"https:\/\/www.360asklogix.com\/","logo":{"@type":"ImageObject","inLanguage":"fr-FR","@id":"https:\/\/www.360asklogix.com\/#\/schema\/logo\/image\/","url":"https:\/\/www.360asklogix.com\/wp-content\/uploads\/Logo-360-Asklogix.jpg","contentUrl":"https:\/\/www.360asklogix.com\/wp-content\/uploads\/Logo-360-Asklogix.jpg","width":1920,"height":1080,"caption":"360Asklogix"},"image":{"@id":"https:\/\/www.360asklogix.com\/#\/schema\/logo\/image\/"},"sameAs":["https:\/\/www.linkedin.com\/company\/7802552\/admin\/","https:\/\/www.youtube.com\/channel\/UCqGnm8NIIcau6NKRzlYz43Q"]}]}},"_links":{"self":[{"href":"https:\/\/www.360asklogix.com\/fr\/wp-json\/wp\/v2\/pages\/41","targetHints":{"allow":["GET"]}}],"collection":[{"href":"https:\/\/www.360asklogix.com\/fr\/wp-json\/wp\/v2\/pages"}],"about":[{"href":"https:\/\/www.360asklogix.com\/fr\/wp-json\/wp\/v2\/types\/page"}],"author":[{"embeddable":true,"href":"https:\/\/www.360asklogix.com\/fr\/wp-json\/wp\/v2\/users\/1"}],"replies":[{"embeddable":true,"href":"https:\/\/www.360asklogix.com\/fr\/wp-json\/wp\/v2\/comments?post=41"}],"version-history":[{"count":3,"href":"https:\/\/www.360asklogix.com\/fr\/wp-json\/wp\/v2\/pages\/41\/revisions"}],"predecessor-version":[{"id":9924,"href":"https:\/\/www.360asklogix.com\/fr\/wp-json\/wp\/v2\/pages\/41\/revisions\/9924"}],"wp:attachment":[{"href":"https:\/\/www.360asklogix.com\/fr\/wp-json\/wp\/v2\/media?parent=41"}],"curies":[{"name":"wp","href":"https:\/\/api.w.org\/{rel}","templated":true}]}}